{"id":400,"date":"2025-09-18T15:40:26","date_gmt":"2025-09-18T13:40:26","guid":{"rendered":"http:\/\/gila-italia.com\/?page_id=400"},"modified":"2026-02-10T11:04:10","modified_gmt":"2026-02-10T10:04:10","slug":"nora","status":"publish","type":"page","link":"https:\/\/gila-italia.com\/de\/nora\/","title":{"rendered":"Nora"},"content":{"rendered":"<div data-elementor-type=\"wp-page\" data-elementor-id=\"400\" class=\"elementor elementor-400\" data-elementor-post-type=\"page\">\n\t\t\t\t<div class=\"elementor-element elementor-element-e1ff056 e-flex e-con-boxed e-con e-parent\" data-id=\"e1ff056\" data-element_type=\"container\" data-settings=\"{&quot;background_background&quot;:&quot;gradient&quot;}\">\n\t\t\t\t\t<div class=\"e-con-inner\">\n\t\t<div class=\"elementor-element elementor-element-466fddb e-con-full elementor-hidden-tablet e-flex e-con e-child\" data-id=\"466fddb\" data-element_type=\"container\">\n\t\t\t\t<div class=\"elementor-element elementor-element-60713ac elementor-widget elementor-widget-image\" data-id=\"60713ac\" data-element_type=\"widget\" data-widget_type=\"image.default\">\n\t\t\t\t\t\t\t\t\t\t\t\t\t\t\t<img fetchpriority=\"high\" decoding=\"async\" width=\"800\" height=\"534\" src=\"https:\/\/gila-italia.com\/wp-content\/uploads\/2025\/10\/norahero-1024x683.jpg\" class=\"attachment-large size-large wp-image-625\" alt=\"\" srcset=\"https:\/\/gila-italia.com\/wp-content\/uploads\/2025\/10\/norahero-1024x683.jpg 1024w, https:\/\/gila-italia.com\/wp-content\/uploads\/2025\/10\/norahero-300x200.jpg 300w, https:\/\/gila-italia.com\/wp-content\/uploads\/2025\/10\/norahero-768x512.jpg 768w, https:\/\/gila-italia.com\/wp-content\/uploads\/2025\/10\/norahero.jpg 1200w\" sizes=\"(max-width: 800px) 100vw, 800px\" \/>\t\t\t\t\t\t\t\t\t\t\t\t\t\t\t<\/div>\n\t\t\t\t<\/div>\n\t\t<div class=\"elementor-element elementor-element-26de3bc e-con-full e-flex e-con e-child\" data-id=\"26de3bc\" data-element_type=\"container\">\n\t\t<div class=\"elementor-element elementor-element-1babe37 e-con-full e-flex e-con e-child\" data-id=\"1babe37\" data-element_type=\"container\">\n\t\t\t\t<div class=\"elementor-element elementor-element-85958a4 elementor-widget elementor-widget-heading\" data-id=\"85958a4\" data-element_type=\"widget\" data-widget_type=\"heading.default\">\n\t\t\t\t\t<h1 class=\"elementor-heading-title elementor-size-default\">EVA-Platten f\u00fcr orthop\u00e4dische Einlagen und Orthesen<\/h1>\t\t\t\t<\/div>\n\t\t\t\t<div class=\"elementor-element elementor-element-a6cef53 elementor-widget elementor-widget-heading\" data-id=\"a6cef53\" data-element_type=\"widget\" data-widget_type=\"heading.default\">\n\t\t\t\t\t<h2 class=\"elementor-heading-title elementor-size-default\">nora\u00ae - Das EVA der Referenz f\u00fcr die technische Orthop\u00e4die<\/h2>\t\t\t\t<\/div>\n\t\t\t\t<div class=\"elementor-element elementor-element-c51d88c elementor-widget elementor-widget-text-editor\" data-id=\"c51d88c\" data-element_type=\"widget\" data-widget_type=\"text-editor.default\">\n\t\t\t\t\t\t\t\t\t<p data-start=\"283\" data-end=\"707\"><strong>nora<\/strong>\u00ae ist einer der zuverl\u00e4ssigsten Namen im Panorama der Rohstoffe f\u00fcr die technische Orthop\u00e4die. Seine EVA-Platten werden von den Laboratorien f\u00fcr die <strong data-start=\"467\" data-end=\"487\">gleichbleibende Qualit\u00e4t<\/strong>, die <strong data-start=\"492\" data-end=\"519\">einfache Verarbeitung<\/strong> und die F\u00e4higkeit, dem Patienten einen dauerhaften Komfort zu bieten.<\/p><p data-start=\"283\" data-end=\"707\">Es \u00fcberrascht nicht, dass sich diese Marke zu einem<strong> echter Standard<\/strong> der Referenz f\u00fcr diejenigen, die sichere und wiederholbare Ergebnisse suchen.<\/p>\t\t\t\t\t\t\t\t<\/div>\n\t\t\t\t<div class=\"elementor-element elementor-element-6ff7815 elementor-widget elementor-widget-button\" data-id=\"6ff7815\" data-element_type=\"widget\" data-widget_type=\"button.default\">\n\t\t\t\t\t\t\t\t\t\t<a class=\"elementor-button elementor-button-link elementor-size-sm\" href=\"#contatti\">\n\t\t\t\t\t\t<span class=\"elementor-button-content-wrapper\">\n\t\t\t\t\t\t\t\t\t<span class=\"elementor-button-text\">Ein Angebot anfordern<\/span>\n\t\t\t\t\t<\/span>\n\t\t\t\t\t<\/a>\n\t\t\t\t\t\t\t\t<\/div>\n\t\t\t\t<\/div>\n\t\t\t\t<\/div>\n\t\t\t\t\t<\/div>\n\t\t\t\t<\/div>\n\t\t<div class=\"elementor-element elementor-element-fde2f15 e-flex e-con-boxed e-con e-parent\" data-id=\"fde2f15\" data-element_type=\"container\" data-settings=\"{&quot;background_background&quot;:&quot;classic&quot;}\">\n\t\t\t\t\t<div class=\"e-con-inner\">\n\t\t<div class=\"elementor-element elementor-element-bf08c44 e-con-full e-flex e-con e-child\" data-id=\"bf08c44\" data-element_type=\"container\">\n\t\t\t\t<div class=\"elementor-element elementor-element-4f794d5 elementor-widget elementor-widget-heading\" data-id=\"4f794d5\" data-element_type=\"widget\" data-widget_type=\"heading.default\">\n\t\t\t\t\t<h2 class=\"elementor-heading-title elementor-size-default\">Die Solidit\u00e4t der Erfahrung<\/h2>\t\t\t\t<\/div>\n\t\t\t\t<div class=\"elementor-element elementor-element-98501d3 elementor-widget elementor-widget-text-editor\" data-id=\"98501d3\" data-element_type=\"widget\" data-widget_type=\"text-editor.default\">\n\t\t\t\t\t\t\t\t\t<p data-start=\"745\" data-end=\"1170\">W\u00e4hlen Sie <b>nora<\/b>\u00ae bedeutet, mit einem Material zu arbeiten, das die Erwartungen nicht entt\u00e4uscht. <b>DIE EVA <\/b>beh\u00e4lt auch nach l\u00e4ngerem Gebrauch seine Elastizit\u00e4t und Stabilit\u00e4t, wodurch der Verschlei\u00df verringert und die biomechanische Leistung der Ger\u00e4te verbessert wird.\u00a0<\/p><p data-start=\"745\" data-end=\"1170\">Dies erm\u00f6glicht die <b>Orthop\u00e4dietechniker<\/b> zu realisieren <b>Einlagen<\/b>\u00a0die nicht nur funktionieren, sondern auch \u00fcber einen l\u00e4ngeren Zeitraum hinweg Bestand haben und eine hohe Zufriedenheit der Patienten gew\u00e4hrleisten.<\/p>\t\t\t\t\t\t\t\t<\/div>\n\t\t\t\t<div class=\"elementor-element elementor-element-ee205f4 elementor-widget elementor-widget-button\" data-id=\"ee205f4\" data-element_type=\"widget\" data-widget_type=\"button.default\">\n\t\t\t\t\t\t\t\t\t\t<a class=\"elementor-button elementor-button-link elementor-size-sm\" href=\"#contatti\">\n\t\t\t\t\t\t<span class=\"elementor-button-content-wrapper\">\n\t\t\t\t\t\t\t\t\t<span class=\"elementor-button-text\">Kontakt<\/span>\n\t\t\t\t\t<\/span>\n\t\t\t\t\t<\/a>\n\t\t\t\t\t\t\t\t<\/div>\n\t\t\t\t<\/div>\n\t\t<div class=\"elementor-element elementor-element-14ed929 e-con-full e-flex e-con e-child\" data-id=\"14ed929\" data-element_type=\"container\">\n\t\t\t\t<div class=\"elementor-element elementor-element-6ad29c4 elementor-widget elementor-widget-image\" data-id=\"6ad29c4\" data-element_type=\"widget\" data-widget_type=\"image.default\">\n\t\t\t\t\t\t\t\t\t\t\t\t\t\t\t<img decoding=\"async\" width=\"1024\" height=\"1024\" src=\"https:\/\/gila-italia.com\/wp-content\/uploads\/2025\/10\/nora1.jpg\" class=\"attachment-full size-full wp-image-627\" alt=\"\" srcset=\"https:\/\/gila-italia.com\/wp-content\/uploads\/2025\/10\/nora1.jpg 1024w, https:\/\/gila-italia.com\/wp-content\/uploads\/2025\/10\/nora1-300x300.jpg 300w, https:\/\/gila-italia.com\/wp-content\/uploads\/2025\/10\/nora1-150x150.jpg 150w, https:\/\/gila-italia.com\/wp-content\/uploads\/2025\/10\/nora1-768x768.jpg 768w\" sizes=\"(max-width: 1024px) 100vw, 1024px\" \/>\t\t\t\t\t\t\t\t\t\t\t\t\t\t\t<\/div>\n\t\t\t\t<\/div>\n\t\t\t\t\t<\/div>\n\t\t\t\t<\/div>\n\t\t<div class=\"elementor-element elementor-element-2ea350c e-con-full e-flex e-con e-parent\" data-id=\"2ea350c\" data-element_type=\"container\">\n\t\t\t\t<div class=\"elementor-element elementor-element-a923cd1 elementor-widget elementor-widget-shortcode\" data-id=\"a923cd1\" data-element_type=\"widget\" data-widget_type=\"shortcode.default\">\n\t\t\t\t\t\t\t<div class=\"elementor-shortcode\">\t\t<div data-elementor-type=\"section\" data-elementor-id=\"824\" class=\"elementor elementor-824\" data-elementor-post-type=\"elementor_library\">\n\t\t\t<div class=\"elementor-element elementor-element-76dee55 e-flex e-con-boxed e-con e-parent\" data-id=\"76dee55\" data-element_type=\"container\" data-settings=\"{&quot;background_background&quot;:&quot;gradient&quot;}\">\n\t\t\t\t\t<div class=\"e-con-inner\">\n\t\t\t\t<div class=\"elementor-element elementor-element-55c3bd3 elementor-widget elementor-widget-heading\" data-id=\"55c3bd3\" data-element_type=\"widget\" data-widget_type=\"heading.default\">\n\t\t\t\t\t<h5 class=\"elementor-heading-title elementor-size-default\">M\u00f6chten Sie die GILA-Kataloge erhalten?<\/h5>\t\t\t\t<\/div>\n\t\t\t\t<div class=\"elementor-element elementor-element-738f3fa elementor-widget elementor-widget-text-editor\" data-id=\"738f3fa\" data-element_type=\"widget\" data-widget_type=\"text-editor.default\">\n\t\t\t\t\t\t\t\t\t<p data-start=\"535\" data-end=\"696\">Zugang zu allen technischen Informationen \u00fcber unsere Produkte.<br \/>F\u00fcllen Sie das Formular aus und <b>Sie werden den Link per E-Mail erhalten<\/b> zum Herunterladen von GILA-Katalogen im PDF-Format.<\/p>\t\t\t\t\t\t\t\t<\/div>\n\t\t\t\t<div class=\"elementor-element elementor-element-5cc215f elementor-widget elementor-widget-button\" data-id=\"5cc215f\" data-element_type=\"widget\" data-widget_type=\"button.default\">\n\t\t\t\t\t\t\t\t\t\t<a class=\"elementor-button elementor-button-link elementor-size-sm\" href=\"https:\/\/gila-italia.com\/de\/form-cataloghi\/\" target=\"_blank\">\n\t\t\t\t\t\t<span class=\"elementor-button-content-wrapper\">\n\t\t\t\t\t\t\t\t\t<span class=\"elementor-button-text\">Klicken Sie hier<\/span>\n\t\t\t\t\t<\/span>\n\t\t\t\t\t<\/a>\n\t\t\t\t\t\t\t\t<\/div>\n\t\t\t\t\t<\/div>\n\t\t\t\t<\/div>\n\t\t\t\t<\/div>\n\t\t<\/div>\n\t\t\t\t\t\t<\/div>\n\t\t\t\t<\/div>\n\t\t<div class=\"elementor-element elementor-element-2f36f1a e-flex e-con-boxed e-con e-parent\" data-id=\"2f36f1a\" data-element_type=\"container\" data-settings=\"{&quot;background_background&quot;:&quot;classic&quot;}\">\n\t\t\t\t\t<div class=\"e-con-inner\">\n\t\t<div class=\"elementor-element elementor-element-7170a68 e-con-full e-flex e-con e-child\" data-id=\"7170a68\" data-element_type=\"container\">\n\t\t\t\t<div class=\"elementor-element elementor-element-4f81858 elementor-widget elementor-widget-image\" data-id=\"4f81858\" data-element_type=\"widget\" data-widget_type=\"image.default\">\n\t\t\t\t\t\t\t\t\t\t\t\t\t\t\t<img decoding=\"async\" width=\"1024\" height=\"1024\" src=\"https:\/\/gila-italia.com\/wp-content\/uploads\/2025\/10\/nora2.jpg\" class=\"attachment-full size-full wp-image-628\" alt=\"\" srcset=\"https:\/\/gila-italia.com\/wp-content\/uploads\/2025\/10\/nora2.jpg 1024w, https:\/\/gila-italia.com\/wp-content\/uploads\/2025\/10\/nora2-300x300.jpg 300w, https:\/\/gila-italia.com\/wp-content\/uploads\/2025\/10\/nora2-150x150.jpg 150w, https:\/\/gila-italia.com\/wp-content\/uploads\/2025\/10\/nora2-768x768.jpg 768w\" sizes=\"(max-width: 1024px) 100vw, 1024px\" \/>\t\t\t\t\t\t\t\t\t\t\t\t\t\t\t<\/div>\n\t\t\t\t<\/div>\n\t\t<div class=\"elementor-element elementor-element-e8f0d3a e-con-full e-flex e-con e-child\" data-id=\"e8f0d3a\" data-element_type=\"container\">\n\t\t\t\t<div class=\"elementor-element elementor-element-cb1f341 elementor-widget elementor-widget-heading\" data-id=\"cb1f341\" data-element_type=\"widget\" data-widget_type=\"heading.default\">\n\t\t\t\t\t<h2 class=\"elementor-heading-title elementor-size-default\">Ein komplettes Sortiment f\u00fcr jedes Verfahren<\/h2>\t\t\t\t<\/div>\n\t\t\t\t<div class=\"elementor-element elementor-element-fc82fbb elementor-widget elementor-widget-text-editor\" data-id=\"fc82fbb\" data-element_type=\"widget\" data-widget_type=\"text-editor.default\">\n\t\t\t\t\t\t\t\t\t<p data-start=\"1220\" data-end=\"1703\">Eine der St\u00e4rken von <strong>nora<\/strong>\u00ae ist die Vielfalt des Angebots. Der Katalog enth\u00e4lt Platten, die in verschiedenen <strong>Dicken, Shore-H\u00e4rten und Farben<\/strong>, so dass es an die unterschiedlichsten Anwendungen angepasst werden kann: von Sportfu\u00dfbetten bis hin zu Ger\u00e4ten f\u00fcr Patienten mit chronischen Krankheiten.\u00a0<\/p><p data-start=\"1220\" data-end=\"1703\">Die Kontinuit\u00e4t der Produktion stellt au\u00dferdem sicher, dass jede Charge die gleichen technischen Merkmale aufweist und gew\u00e4hrleistet <strong>Einheitlichkeit<\/strong> e <strong>Zuverl\u00e4ssigkeit<\/strong> selbst bei den gr\u00f6\u00dften Lieferungen.<\/p>\t\t\t\t\t\t\t\t<\/div>\n\t\t\t\t<div class=\"elementor-element elementor-element-027bfee elementor-widget elementor-widget-button\" data-id=\"027bfee\" data-element_type=\"widget\" data-widget_type=\"button.default\">\n\t\t\t\t\t\t\t\t\t\t<a class=\"elementor-button elementor-button-link elementor-size-sm\" href=\"#contatti\">\n\t\t\t\t\t\t<span class=\"elementor-button-content-wrapper\">\n\t\t\t\t\t\t\t\t\t<span class=\"elementor-button-text\">Kontaktieren Sie uns<\/span>\n\t\t\t\t\t<\/span>\n\t\t\t\t\t<\/a>\n\t\t\t\t\t\t\t\t<\/div>\n\t\t\t\t<\/div>\n\t\t\t\t\t<\/div>\n\t\t\t\t<\/div>\n\t\t<div class=\"elementor-element elementor-element-aedbddc e-flex e-con-boxed e-con e-parent\" data-id=\"aedbddc\" data-element_type=\"container\" data-settings=\"{&quot;background_background&quot;:&quot;gradient&quot;}\">\n\t\t\t\t\t<div class=\"e-con-inner\">\n\t\t<div class=\"elementor-element elementor-element-4d306b6 e-con-full e-flex e-con e-child\" data-id=\"4d306b6\" data-element_type=\"container\" data-settings=\"{&quot;background_background&quot;:&quot;classic&quot;}\">\n\t\t\t\t<div class=\"elementor-element elementor-element-f31aecb elementor-widget elementor-widget-heading\" data-id=\"f31aecb\" data-element_type=\"widget\" data-widget_type=\"heading.default\">\n\t\t\t\t\t<h4 class=\"elementor-heading-title elementor-size-default\">Hervorragende Elastizit\u00e4t<\/h4>\t\t\t\t<\/div>\n\t\t\t\t<div class=\"elementor-element elementor-element-ab28cfe elementor-widget elementor-widget-text-editor\" data-id=\"ab28cfe\" data-element_type=\"widget\" data-widget_type=\"text-editor.default\">\n\t\t\t\t\t\t\t\t\t<p>D\u00e4mpfung und konstanter Komfort.<\/p>\t\t\t\t\t\t\t\t<\/div>\n\t\t\t\t<\/div>\n\t\t<div class=\"elementor-element elementor-element-0749508 e-con-full e-flex e-con e-child\" data-id=\"0749508\" data-element_type=\"container\" data-settings=\"{&quot;background_background&quot;:&quot;classic&quot;}\">\n\t\t\t\t<div class=\"elementor-element elementor-element-9b9470b elementor-widget elementor-widget-heading\" data-id=\"9b9470b\" data-element_type=\"widget\" data-widget_type=\"heading.default\">\n\t\t\t\t\t<h4 class=\"elementor-heading-title elementor-size-default\">Dauerhaftigkeit<\/h4>\t\t\t\t<\/div>\n\t\t\t\t<div class=\"elementor-element elementor-element-6353ddf elementor-widget elementor-widget-text-editor\" data-id=\"6353ddf\" data-element_type=\"widget\" data-widget_type=\"text-editor.default\">\n\t\t\t\t\t\t\t\t\t<p>Verschlei\u00dffestigkeit auch nach intensivem Gebrauch.<\/p>\t\t\t\t\t\t\t\t<\/div>\n\t\t\t\t<\/div>\n\t\t<div class=\"elementor-element elementor-element-e5a7f34 e-con-full e-flex e-con e-child\" data-id=\"e5a7f34\" data-element_type=\"container\" data-settings=\"{&quot;background_background&quot;:&quot;classic&quot;}\">\n\t\t\t\t<div class=\"elementor-element elementor-element-d1eb514 elementor-widget elementor-widget-heading\" data-id=\"d1eb514\" data-element_type=\"widget\" data-widget_type=\"heading.default\">\n\t\t\t\t\t<h4 class=\"elementor-heading-title elementor-size-default\">Vielfalt an Dichten und Farben<\/h4>\t\t\t\t<\/div>\n\t\t\t\t<div class=\"elementor-element elementor-element-8512516 elementor-widget elementor-widget-text-editor\" data-id=\"8512516\" data-element_type=\"widget\" data-widget_type=\"text-editor.default\">\n\t\t\t\t\t\t\t\t\t<p>ma\u00dfgeschneiderte L\u00f6sungen f\u00fcr jeden Bedarf.<\/p>\t\t\t\t\t\t\t\t<\/div>\n\t\t\t\t<\/div>\n\t\t<div class=\"elementor-element elementor-element-56cc4fb e-con-full e-flex e-con e-child\" data-id=\"56cc4fb\" data-element_type=\"container\" data-settings=\"{&quot;background_background&quot;:&quot;classic&quot;}\">\n\t\t\t\t<div class=\"elementor-element elementor-element-335a64f elementor-widget elementor-widget-heading\" data-id=\"335a64f\" data-element_type=\"widget\" data-widget_type=\"heading.default\">\n\t\t\t\t\t<h4 class=\"elementor-heading-title elementor-size-default\">Kontinuit\u00e4t der Produktion<\/h4>\t\t\t\t<\/div>\n\t\t\t\t<div class=\"elementor-element elementor-element-68d55e1 elementor-widget elementor-widget-text-editor\" data-id=\"68d55e1\" data-element_type=\"widget\" data-widget_type=\"text-editor.default\">\n\t\t\t\t\t\t\t\t\t<p>stabile Qualit\u00e4t, Charge f\u00fcr Charge.<\/p>\t\t\t\t\t\t\t\t<\/div>\n\t\t\t\t<\/div>\n\t\t\t\t\t<\/div>\n\t\t\t\t<\/div>\n\t\t<div class=\"elementor-element elementor-element-a7e7fff e-flex e-con-boxed e-con e-parent\" data-id=\"a7e7fff\" data-element_type=\"container\" data-settings=\"{&quot;background_background&quot;:&quot;classic&quot;}\">\n\t\t\t\t\t<div class=\"e-con-inner\">\n\t\t\t\t<div class=\"elementor-element elementor-element-171e61f elementor-widget elementor-widget-heading\" data-id=\"171e61f\" data-element_type=\"widget\" data-widget_type=\"heading.default\">\n\t\t\t\t\t<h2 class=\"elementor-heading-title elementor-size-default\">Der zus\u00e4tzliche Nutzen von GILA<\/h2>\t\t\t\t<\/div>\n\t\t\t\t<div class=\"elementor-element elementor-element-99a9865 elementor-widget elementor-widget-text-editor\" data-id=\"99a9865\" data-element_type=\"widget\" data-widget_type=\"text-editor.default\">\n\t\t\t\t\t\t\t\t\t<p data-pm-slice=\"1 1 []\">Mit GILA, <strong>nora<\/strong>\u00ae ist nicht nur ein Material, sondern Teil einer kompletten Dienstleistung. Wir stellen unsere Erfahrung in den Dienst der Orthop\u00e4dietechniker und empfehlen die am besten geeignete Dichte. Wir gew\u00e4hrleisten <b>sofortige Verf\u00fcgbarkeit<\/b> dank eines gut best\u00fcckten Lagers und wir bieten spezielle Schulungen an, um das Beste aus den<b> EVA-Platten<\/b>.<\/p>\t\t\t\t\t\t\t\t<\/div>\n\t\t\t\t\t<\/div>\n\t\t\t\t<\/div>\n\t\t\t\t<\/div>","protected":false},"excerpt":{"rendered":"<p>Lastre EVA per plantari e ortesi ortopediche nora\u00ae \u2013 L\u2019EVA di riferimento per l\u2019ortopedia tecnica nora\u00ae rappresenta uno dei nomi pi\u00f9 affidabili nel panorama delle materie prime per l\u2019ortopedia tecnica. Le sue lastre in EVA sono apprezzate dai laboratori per la qualit\u00e0 costante, la facilit\u00e0 di lavorazione e la capacit\u00e0 di garantire al paziente un [&hellip;]<\/p>\n","protected":false},"author":2,"featured_media":0,"parent":0,"menu_order":0,"comment_status":"closed","ping_status":"closed","template":"","meta":{"_acf_changed":false,"footnotes":""},"class_list":["post-400","page","type-page","status-publish","hentry"],"acf":[],"yoast_head":"<!-- This site is optimized with the Yoast SEO plugin v27.2 - https:\/\/yoast.com\/product\/yoast-seo-wordpress\/ -->\n<title>Lastre Nora - Gila - Forniture per ortopedia tecnica<\/title>\n<meta name=\"robots\" content=\"index, follow, max-snippet:-1, max-image-preview:large, max-video-preview:-1\" \/>\n<link rel=\"canonical\" href=\"https:\/\/gila-italia.com\/de\/nora\/\" \/>\n<meta property=\"og:locale\" content=\"de_DE\" \/>\n<meta property=\"og:type\" content=\"article\" \/>\n<meta property=\"og:title\" content=\"Lastre Nora - Gila - Forniture per ortopedia tecnica\" \/>\n<meta property=\"og:description\" content=\"Lastre EVA per plantari e ortesi ortopediche nora\u00ae \u2013 L\u2019EVA di riferimento per l\u2019ortopedia tecnica nora\u00ae rappresenta uno dei nomi pi\u00f9 affidabili nel panorama delle materie prime per l\u2019ortopedia tecnica. Le sue lastre in EVA sono apprezzate dai laboratori per la qualit\u00e0 costante, la facilit\u00e0 di lavorazione e la capacit\u00e0 di garantire al paziente un [&hellip;]\" \/>\n<meta property=\"og:url\" content=\"https:\/\/gila-italia.com\/de\/nora\/\" \/>\n<meta property=\"og:site_name\" content=\"Gila\" \/>\n<meta property=\"article:modified_time\" content=\"2026-02-10T10:04:10+00:00\" \/>\n<meta property=\"og:image\" content=\"https:\/\/gila-italia.com\/wp-content\/uploads\/2025\/10\/norahero-1024x683.jpg\" \/>\n<meta name=\"twitter:card\" content=\"summary_large_image\" \/>\n<meta name=\"twitter:label1\" content=\"Gesch\u00e4tzte Lesezeit\" \/>\n\t<meta name=\"twitter:data1\" content=\"2\u00a0Minuten\" \/>\n<script type=\"application\/ld+json\" class=\"yoast-schema-graph\">{\"@context\":\"https:\/\/schema.org\",\"@graph\":[{\"@type\":\"WebPage\",\"@id\":\"https:\/\/gila-italia.com\/nora\/\",\"url\":\"https:\/\/gila-italia.com\/nora\/\",\"name\":\"Lastre Nora - Gila - Forniture per ortopedia tecnica\",\"isPartOf\":{\"@id\":\"https:\/\/gila-italia.com\/#website\"},\"primaryImageOfPage\":{\"@id\":\"https:\/\/gila-italia.com\/nora\/#primaryimage\"},\"image\":{\"@id\":\"https:\/\/gila-italia.com\/nora\/#primaryimage\"},\"thumbnailUrl\":\"https:\/\/gila-italia.com\/wp-content\/uploads\/2025\/10\/norahero-1024x683.jpg\",\"datePublished\":\"2025-09-18T13:40:26+00:00\",\"dateModified\":\"2026-02-10T10:04:10+00:00\",\"breadcrumb\":{\"@id\":\"https:\/\/gila-italia.com\/nora\/#breadcrumb\"},\"inLanguage\":\"de\",\"potentialAction\":[{\"@type\":\"ReadAction\",\"target\":[\"https:\/\/gila-italia.com\/nora\/\"]}]},{\"@type\":\"ImageObject\",\"inLanguage\":\"de\",\"@id\":\"https:\/\/gila-italia.com\/nora\/#primaryimage\",\"url\":\"https:\/\/gila-italia.com\/wp-content\/uploads\/2025\/10\/norahero-1024x683.jpg\",\"contentUrl\":\"https:\/\/gila-italia.com\/wp-content\/uploads\/2025\/10\/norahero-1024x683.jpg\"},{\"@type\":\"BreadcrumbList\",\"@id\":\"https:\/\/gila-italia.com\/nora\/#breadcrumb\",\"itemListElement\":[{\"@type\":\"ListItem\",\"position\":1,\"name\":\"Home\",\"item\":\"https:\/\/gila-italia.com\/\"},{\"@type\":\"ListItem\",\"position\":2,\"name\":\"Nora\"}]},{\"@type\":\"WebSite\",\"@id\":\"https:\/\/gila-italia.com\/#website\",\"url\":\"https:\/\/gila-italia.com\/\",\"name\":\"Gila\",\"description\":\"\",\"potentialAction\":[{\"@type\":\"SearchAction\",\"target\":{\"@type\":\"EntryPoint\",\"urlTemplate\":\"https:\/\/gila-italia.com\/?s={search_term_string}\"},\"query-input\":{\"@type\":\"PropertyValueSpecification\",\"valueRequired\":true,\"valueName\":\"search_term_string\"}}],\"inLanguage\":\"de\"}]}<\/script>\n<!-- \/ Yoast SEO plugin. -->","yoast_head_json":{"title":"Nora-Platten - Gila - Hilfsmittel f\u00fcr die technische Orthop\u00e4die","robots":{"index":"index","follow":"follow","max-snippet":"max-snippet:-1","max-image-preview":"max-image-preview:large","max-video-preview":"max-video-preview:-1"},"canonical":"https:\/\/gila-italia.com\/de\/nora\/","og_locale":"de_DE","og_type":"article","og_title":"Lastre Nora - Gila - Forniture per ortopedia tecnica","og_description":"Lastre EVA per plantari e ortesi ortopediche nora\u00ae \u2013 L\u2019EVA di riferimento per l\u2019ortopedia tecnica nora\u00ae rappresenta uno dei nomi pi\u00f9 affidabili nel panorama delle materie prime per l\u2019ortopedia tecnica. Le sue lastre in EVA sono apprezzate dai laboratori per la qualit\u00e0 costante, la facilit\u00e0 di lavorazione e la capacit\u00e0 di garantire al paziente un [&hellip;]","og_url":"https:\/\/gila-italia.com\/de\/nora\/","og_site_name":"Gila","article_modified_time":"2026-02-10T10:04:10+00:00","og_image":[{"url":"https:\/\/gila-italia.com\/wp-content\/uploads\/2025\/10\/norahero-1024x683.jpg","type":"","width":"","height":""}],"twitter_card":"summary_large_image","twitter_misc":{"Gesch\u00e4tzte Lesezeit":"2\u00a0Minuten"},"schema":{"@context":"https:\/\/schema.org","@graph":[{"@type":"WebPage","@id":"https:\/\/gila-italia.com\/nora\/","url":"https:\/\/gila-italia.com\/nora\/","name":"Nora-Platten - Gila - Hilfsmittel f\u00fcr die technische Orthop\u00e4die","isPartOf":{"@id":"https:\/\/gila-italia.com\/#website"},"primaryImageOfPage":{"@id":"https:\/\/gila-italia.com\/nora\/#primaryimage"},"image":{"@id":"https:\/\/gila-italia.com\/nora\/#primaryimage"},"thumbnailUrl":"https:\/\/gila-italia.com\/wp-content\/uploads\/2025\/10\/norahero-1024x683.jpg","datePublished":"2025-09-18T13:40:26+00:00","dateModified":"2026-02-10T10:04:10+00:00","breadcrumb":{"@id":"https:\/\/gila-italia.com\/nora\/#breadcrumb"},"inLanguage":"de","potentialAction":[{"@type":"ReadAction","target":["https:\/\/gila-italia.com\/nora\/"]}]},{"@type":"ImageObject","inLanguage":"de","@id":"https:\/\/gila-italia.com\/nora\/#primaryimage","url":"https:\/\/gila-italia.com\/wp-content\/uploads\/2025\/10\/norahero-1024x683.jpg","contentUrl":"https:\/\/gila-italia.com\/wp-content\/uploads\/2025\/10\/norahero-1024x683.jpg"},{"@type":"BreadcrumbList","@id":"https:\/\/gila-italia.com\/nora\/#breadcrumb","itemListElement":[{"@type":"ListItem","position":1,"name":"Home","item":"https:\/\/gila-italia.com\/"},{"@type":"ListItem","position":2,"name":"Nora"}]},{"@type":"WebSite","@id":"https:\/\/gila-italia.com\/#website","url":"https:\/\/gila-italia.com\/","name":"Gila","description":"","potentialAction":[{"@type":"SearchAction","target":{"@type":"EntryPoint","urlTemplate":"https:\/\/gila-italia.com\/?s={search_term_string}"},"query-input":{"@type":"PropertyValueSpecification","valueRequired":true,"valueName":"search_term_string"}}],"inLanguage":"de"}]}},"_links":{"self":[{"href":"https:\/\/gila-italia.com\/de\/wp-json\/wp\/v2\/pages\/400","targetHints":{"allow":["GET"]}}],"collection":[{"href":"https:\/\/gila-italia.com\/de\/wp-json\/wp\/v2\/pages"}],"about":[{"href":"https:\/\/gila-italia.com\/de\/wp-json\/wp\/v2\/types\/page"}],"author":[{"embeddable":true,"href":"https:\/\/gila-italia.com\/de\/wp-json\/wp\/v2\/users\/2"}],"replies":[{"embeddable":true,"href":"https:\/\/gila-italia.com\/de\/wp-json\/wp\/v2\/comments?post=400"}],"version-history":[{"count":37,"href":"https:\/\/gila-italia.com\/de\/wp-json\/wp\/v2\/pages\/400\/revisions"}],"predecessor-version":[{"id":1913,"href":"https:\/\/gila-italia.com\/de\/wp-json\/wp\/v2\/pages\/400\/revisions\/1913"}],"wp:attachment":[{"href":"https:\/\/gila-italia.com\/de\/wp-json\/wp\/v2\/media?parent=400"}],"curies":[{"name":"wp","href":"https:\/\/api.w.org\/{rel}","templated":true}]}}