{"id":529,"date":"2025-10-02T10:55:42","date_gmt":"2025-10-02T08:55:42","guid":{"rendered":"http:\/\/gila-italia.com\/?page_id=529"},"modified":"2025-12-15T17:11:29","modified_gmt":"2025-12-15T16:11:29","slug":"microstar","status":"publish","type":"page","link":"https:\/\/gila-italia.com\/de\/microstar\/","title":{"rendered":"Microstar"},"content":{"rendered":"<div data-elementor-type=\"wp-page\" data-elementor-id=\"529\" class=\"elementor elementor-529\" data-elementor-post-type=\"page\">\n\t\t\t\t<div class=\"elementor-element elementor-element-e1ff056 e-flex e-con-boxed e-con e-parent\" data-id=\"e1ff056\" data-element_type=\"container\" data-settings=\"{&quot;background_background&quot;:&quot;gradient&quot;}\">\n\t\t\t\t\t<div class=\"e-con-inner\">\n\t\t<div class=\"elementor-element elementor-element-466fddb e-con-full elementor-hidden-tablet e-flex e-con e-child\" data-id=\"466fddb\" data-element_type=\"container\">\n\t\t\t\t<div class=\"elementor-element elementor-element-60713ac elementor-widget elementor-widget-image\" data-id=\"60713ac\" data-element_type=\"widget\" data-widget_type=\"image.default\">\n\t\t\t\t\t\t\t\t\t\t\t\t\t\t\t<img fetchpriority=\"high\" decoding=\"async\" width=\"800\" height=\"800\" src=\"https:\/\/gila-italia.com\/wp-content\/uploads\/2025\/11\/GILA-micro.jpg\" class=\"attachment-large size-large wp-image-1294\" alt=\"\" srcset=\"https:\/\/gila-italia.com\/wp-content\/uploads\/2025\/11\/GILA-micro.jpg 1000w, https:\/\/gila-italia.com\/wp-content\/uploads\/2025\/11\/GILA-micro-300x300.jpg 300w, https:\/\/gila-italia.com\/wp-content\/uploads\/2025\/11\/GILA-micro-150x150.jpg 150w, https:\/\/gila-italia.com\/wp-content\/uploads\/2025\/11\/GILA-micro-768x768.jpg 768w\" sizes=\"(max-width: 800px) 100vw, 800px\" \/>\t\t\t\t\t\t\t\t\t\t\t\t\t\t\t<\/div>\n\t\t\t\t<\/div>\n\t\t<div class=\"elementor-element elementor-element-26de3bc e-con-full e-flex e-con e-child\" data-id=\"26de3bc\" data-element_type=\"container\">\n\t\t<div class=\"elementor-element elementor-element-1babe37 e-con-full e-flex e-con e-child\" data-id=\"1babe37\" data-element_type=\"container\">\n\t\t\t\t<div class=\"elementor-element elementor-element-85958a4 elementor-widget elementor-widget-heading\" data-id=\"85958a4\" data-element_type=\"widget\" data-widget_type=\"heading.default\">\n\t\t\t\t\t<h1 class=\"elementor-heading-title elementor-size-default\">Ergonomische orthop\u00e4dische Einlagen f\u00fcr die technische Orthop\u00e4die<\/h1>\t\t\t\t<\/div>\n\t\t\t\t<div class=\"elementor-element elementor-element-a6cef53 elementor-widget elementor-widget-heading\" data-id=\"a6cef53\" data-element_type=\"widget\" data-widget_type=\"heading.default\">\n\t\t\t\t\t<h2 class=\"elementor-heading-title elementor-size-default\">MICROSTAR- Halbgeformte Orthesen f\u00fcr klinischen Komfort und Schutz<\/h2>\t\t\t\t<\/div>\n\t\t\t\t<div class=\"elementor-element elementor-element-c51d88c elementor-widget elementor-widget-text-editor\" data-id=\"c51d88c\" data-element_type=\"widget\" data-widget_type=\"text-editor.default\">\n\t\t\t\t\t\t\t\t\t<p data-start=\"283\" data-end=\"707\">Die Linie <strong data-start=\"445\" data-end=\"458\">Microstar<\/strong> wurde entwickelt, um dem Orthop\u00e4dietechniker eine halbbearbeitete Basis zu bieten, die mit <strong data-start=\"537\" data-end=\"568\">erweiterte ergonomische Kriterien<\/strong>, die Komfort und Schutz auch in den heikelsten klinischen Situationen garantiert. Es ist die ideale L\u00f6sung f\u00fcr alle, die zuverl\u00e4ssige Einlagen suchen, die sich leicht anpassen lassen und f\u00fcr Patienten mit besonderen Bed\u00fcrfnissen sicher sind.<\/p>\t\t\t\t\t\t\t\t<\/div>\n\t\t\t\t<div class=\"elementor-element elementor-element-6ff7815 elementor-widget elementor-widget-button\" data-id=\"6ff7815\" data-element_type=\"widget\" data-widget_type=\"button.default\">\n\t\t\t\t\t\t\t\t\t\t<a class=\"elementor-button elementor-button-link elementor-size-sm\" href=\"#contatti\">\n\t\t\t\t\t\t<span class=\"elementor-button-content-wrapper\">\n\t\t\t\t\t\t\t\t\t<span class=\"elementor-button-text\">Ein Angebot anfordern<\/span>\n\t\t\t\t\t<\/span>\n\t\t\t\t\t<\/a>\n\t\t\t\t\t\t\t\t<\/div>\n\t\t\t\t<\/div>\n\t\t\t\t<\/div>\n\t\t\t\t\t<\/div>\n\t\t\t\t<\/div>\n\t\t<div class=\"elementor-element elementor-element-fde2f15 e-flex e-con-boxed e-con e-parent\" data-id=\"fde2f15\" data-element_type=\"container\" data-settings=\"{&quot;background_background&quot;:&quot;classic&quot;}\">\n\t\t\t\t\t<div class=\"e-con-inner\">\n\t\t<div class=\"elementor-element elementor-element-bf08c44 e-con-full e-flex e-con e-child\" data-id=\"bf08c44\" data-element_type=\"container\">\n\t\t\t\t<div class=\"elementor-element elementor-element-4f794d5 elementor-widget elementor-widget-heading\" data-id=\"4f794d5\" data-element_type=\"widget\" data-widget_type=\"heading.default\">\n\t\t\t\t\t<h2 class=\"elementor-heading-title elementor-size-default\">Zwei Versionen f\u00fcr unterschiedliche Bed\u00fcrfnisse<\/h2>\t\t\t\t<\/div>\n\t\t\t\t<div class=\"elementor-element elementor-element-98501d3 elementor-widget elementor-widget-text-editor\" data-id=\"98501d3\" data-element_type=\"widget\" data-widget_type=\"text-editor.default\">\n\t\t\t\t\t\t\t\t\t<p data-start=\"206\" data-end=\"853\">Um maximale Anpassungsf\u00e4higkeit zu gew\u00e4hrleisten, <strong data-start=\"245\" data-end=\"258\">Microstar<\/strong> ist in zwei verschiedenen Varianten erh\u00e4ltlich. Die Version <strong data-start=\"311\" data-end=\"323\">Standard<\/strong> ist eine sichere Wahl f\u00fcr die meisten Patienten und allt\u00e4gliche Aufgaben und bietet Stabilit\u00e4t und konstanten Komfort.\u00a0<\/p><p data-start=\"206\" data-end=\"853\">Daneben ist die <strong data-start=\"492\" data-end=\"514\">f\u00fcr empfindliche F\u00fc\u00dfe<\/strong> - speziell f\u00fcr Diabetiker oder Rheumapatienten entwickelt - bietet eine weiche, sch\u00fctzende und druckstellenfreie Unterst\u00fctzung, so dass die Gesundheit des Fu\u00dfes auch in den empfindlichsten klinischen F\u00e4llen erhalten bleibt.\u00a0<\/p><p data-start=\"206\" data-end=\"853\">So hat der Orthop\u00e4dietechniker immer die f\u00fcr den einzelnen Patienten am besten geeignete L\u00f6sung, ohne Kompromisse.<\/p>\t\t\t\t\t\t\t\t<\/div>\n\t\t\t\t<div class=\"elementor-element elementor-element-ee205f4 elementor-widget elementor-widget-button\" data-id=\"ee205f4\" data-element_type=\"widget\" data-widget_type=\"button.default\">\n\t\t\t\t\t\t\t\t\t\t<a class=\"elementor-button elementor-button-link elementor-size-sm\" href=\"#contatti\">\n\t\t\t\t\t\t<span class=\"elementor-button-content-wrapper\">\n\t\t\t\t\t\t\t\t\t<span class=\"elementor-button-text\">Kontakt<\/span>\n\t\t\t\t\t<\/span>\n\t\t\t\t\t<\/a>\n\t\t\t\t\t\t\t\t<\/div>\n\t\t\t\t<\/div>\n\t\t<div class=\"elementor-element elementor-element-14ed929 e-con-full e-flex e-con e-child\" data-id=\"14ed929\" data-element_type=\"container\">\n\t\t\t\t<div class=\"elementor-element elementor-element-6ad29c4 elementor-widget elementor-widget-image\" data-id=\"6ad29c4\" data-element_type=\"widget\" data-widget_type=\"image.default\">\n\t\t\t\t\t\t\t\t\t\t\t\t\t\t\t<img decoding=\"async\" width=\"1000\" height=\"1000\" src=\"https:\/\/gila-italia.com\/wp-content\/uploads\/2025\/12\/microstar2.jpg\" class=\"attachment-full size-full wp-image-1492\" alt=\"\" srcset=\"https:\/\/gila-italia.com\/wp-content\/uploads\/2025\/12\/microstar2.jpg 1000w, https:\/\/gila-italia.com\/wp-content\/uploads\/2025\/12\/microstar2-300x300.jpg 300w, https:\/\/gila-italia.com\/wp-content\/uploads\/2025\/12\/microstar2-150x150.jpg 150w, https:\/\/gila-italia.com\/wp-content\/uploads\/2025\/12\/microstar2-768x768.jpg 768w\" sizes=\"(max-width: 1000px) 100vw, 1000px\" \/>\t\t\t\t\t\t\t\t\t\t\t\t\t\t\t<\/div>\n\t\t\t\t<\/div>\n\t\t\t\t\t<\/div>\n\t\t\t\t<\/div>\n\t\t<div class=\"elementor-element elementor-element-1c79a84 e-con-full e-flex e-con e-parent\" data-id=\"1c79a84\" data-element_type=\"container\">\n\t\t\t\t<div class=\"elementor-element elementor-element-c715c3f elementor-widget elementor-widget-shortcode\" data-id=\"c715c3f\" data-element_type=\"widget\" data-widget_type=\"shortcode.default\">\n\t\t\t\t\t\t\t<div class=\"elementor-shortcode\">\t\t<div data-elementor-type=\"section\" data-elementor-id=\"824\" class=\"elementor elementor-824\" data-elementor-post-type=\"elementor_library\">\n\t\t\t<div class=\"elementor-element elementor-element-76dee55 e-flex e-con-boxed e-con e-parent\" data-id=\"76dee55\" data-element_type=\"container\" data-settings=\"{&quot;background_background&quot;:&quot;gradient&quot;}\">\n\t\t\t\t\t<div class=\"e-con-inner\">\n\t\t\t\t<div class=\"elementor-element elementor-element-55c3bd3 elementor-widget elementor-widget-heading\" data-id=\"55c3bd3\" data-element_type=\"widget\" data-widget_type=\"heading.default\">\n\t\t\t\t\t<h5 class=\"elementor-heading-title elementor-size-default\">M\u00f6chten Sie die GILA-Kataloge erhalten?<\/h5>\t\t\t\t<\/div>\n\t\t\t\t<div class=\"elementor-element elementor-element-738f3fa elementor-widget elementor-widget-text-editor\" data-id=\"738f3fa\" data-element_type=\"widget\" data-widget_type=\"text-editor.default\">\n\t\t\t\t\t\t\t\t\t<p data-start=\"535\" data-end=\"696\">Zugang zu allen technischen Informationen \u00fcber unsere Produkte.<br \/>F\u00fcllen Sie das Formular aus und <b>Sie werden den Link per E-Mail erhalten<\/b> zum Herunterladen von GILA-Katalogen im PDF-Format.<\/p>\t\t\t\t\t\t\t\t<\/div>\n\t\t\t\t<div class=\"elementor-element elementor-element-5cc215f elementor-widget elementor-widget-button\" data-id=\"5cc215f\" data-element_type=\"widget\" data-widget_type=\"button.default\">\n\t\t\t\t\t\t\t\t\t\t<a class=\"elementor-button elementor-button-link elementor-size-sm\" href=\"https:\/\/gila-italia.com\/de\/form-cataloghi\/\" target=\"_blank\">\n\t\t\t\t\t\t<span class=\"elementor-button-content-wrapper\">\n\t\t\t\t\t\t\t\t\t<span class=\"elementor-button-text\">Klicken Sie hier<\/span>\n\t\t\t\t\t<\/span>\n\t\t\t\t\t<\/a>\n\t\t\t\t\t\t\t\t<\/div>\n\t\t\t\t\t<\/div>\n\t\t\t\t<\/div>\n\t\t\t\t<\/div>\n\t\t<\/div>\n\t\t\t\t\t\t<\/div>\n\t\t\t\t<\/div>\n\t\t<div class=\"elementor-element elementor-element-2f36f1a e-flex e-con-boxed e-con e-parent\" data-id=\"2f36f1a\" data-element_type=\"container\" data-settings=\"{&quot;background_background&quot;:&quot;classic&quot;}\">\n\t\t\t\t\t<div class=\"e-con-inner\">\n\t\t<div class=\"elementor-element elementor-element-7170a68 e-con-full e-flex e-con e-child\" data-id=\"7170a68\" data-element_type=\"container\">\n\t\t\t\t<div class=\"elementor-element elementor-element-4f81858 elementor-widget elementor-widget-image\" data-id=\"4f81858\" data-element_type=\"widget\" data-widget_type=\"image.default\">\n\t\t\t\t\t\t\t\t\t\t\t\t\t\t\t<img decoding=\"async\" width=\"1000\" height=\"1000\" src=\"https:\/\/gila-italia.com\/wp-content\/uploads\/2025\/11\/GILA-micro3-e1762773005273.jpg\" class=\"attachment-full size-full wp-image-1295\" alt=\"\" srcset=\"https:\/\/gila-italia.com\/wp-content\/uploads\/2025\/11\/GILA-micro3-e1762773005273.jpg 1000w, https:\/\/gila-italia.com\/wp-content\/uploads\/2025\/11\/GILA-micro3-e1762773005273-300x300.jpg 300w, https:\/\/gila-italia.com\/wp-content\/uploads\/2025\/11\/GILA-micro3-e1762773005273-150x150.jpg 150w, https:\/\/gila-italia.com\/wp-content\/uploads\/2025\/11\/GILA-micro3-e1762773005273-768x768.jpg 768w\" sizes=\"(max-width: 1000px) 100vw, 1000px\" \/>\t\t\t\t\t\t\t\t\t\t\t\t\t\t\t<\/div>\n\t\t\t\t<\/div>\n\t\t<div class=\"elementor-element elementor-element-e8f0d3a e-con-full e-flex e-con e-child\" data-id=\"e8f0d3a\" data-element_type=\"container\">\n\t\t\t\t<div class=\"elementor-element elementor-element-cb1f341 elementor-widget elementor-widget-heading\" data-id=\"cb1f341\" data-element_type=\"widget\" data-widget_type=\"heading.default\">\n\t\t\t\t\t<h2 class=\"elementor-heading-title elementor-size-default\">Die idealen Anwendungen von Microstar<\/h2>\t\t\t\t<\/div>\n\t\t\t\t<div class=\"elementor-element elementor-element-fc82fbb elementor-widget elementor-widget-text-editor\" data-id=\"fc82fbb\" data-element_type=\"widget\" data-widget_type=\"text-editor.default\">\n\t\t\t\t\t\t\t\t\t<p data-start=\"920\" data-end=\"1578\">Dank seiner <b>ergonomische Gestaltung<\/b>, Microstar erweist sich im Labor als \u00e4u\u00dferst vielseitig. Es ist besonders geeignet f\u00fcr die Behandlung von <b>diabetische und rheumatische Patienten<\/b>, wo der Schutz der F\u00fc\u00dfe oberste Priorit\u00e4t hat. Gleichzeitig ist er perfekt f\u00fcr <b>Einlegesohlen f\u00fcr den t\u00e4glichen Gebrauch<\/b>, die f\u00fcr Stabilit\u00e4t und dauerhaften Komfort sorgen k\u00f6nnen.\u00a0<\/p><p data-start=\"920\" data-end=\"1578\">Aufgrund seiner sanften Beschaffenheit eignet es sich auch f\u00fcr spezifische klinische Situationen, die sichere und sch\u00fctzende Materialien erfordern. Dar\u00fcber hinaus erm\u00f6glicht die halbfertige Struktur den Labors <b>die Betriebszeit zu verk\u00fcrzen<\/b>, und von Anfang an zur Anpassung bereit.<\/p>\t\t\t\t\t\t\t\t<\/div>\n\t\t\t\t<div class=\"elementor-element elementor-element-027bfee elementor-widget elementor-widget-button\" data-id=\"027bfee\" data-element_type=\"widget\" data-widget_type=\"button.default\">\n\t\t\t\t\t\t\t\t\t\t<a class=\"elementor-button elementor-button-link elementor-size-sm\" href=\"#contatti\">\n\t\t\t\t\t\t<span class=\"elementor-button-content-wrapper\">\n\t\t\t\t\t\t\t\t\t<span class=\"elementor-button-text\">Kontaktieren Sie uns<\/span>\n\t\t\t\t\t<\/span>\n\t\t\t\t\t<\/a>\n\t\t\t\t\t\t\t\t<\/div>\n\t\t\t\t<\/div>\n\t\t\t\t\t<\/div>\n\t\t\t\t<\/div>\n\t\t<div class=\"elementor-element elementor-element-aedbddc e-flex e-con-boxed e-con e-parent\" data-id=\"aedbddc\" data-element_type=\"container\" data-settings=\"{&quot;background_background&quot;:&quot;gradient&quot;}\">\n\t\t\t\t\t<div class=\"e-con-inner\">\n\t\t<div class=\"elementor-element elementor-element-4d306b6 e-con-full e-flex e-con e-child\" data-id=\"4d306b6\" data-element_type=\"container\" data-settings=\"{&quot;background_background&quot;:&quot;classic&quot;}\">\n\t\t\t\t<div class=\"elementor-element elementor-element-f31aecb elementor-widget elementor-widget-heading\" data-id=\"f31aecb\" data-element_type=\"widget\" data-widget_type=\"heading.default\">\n\t\t\t\t\t<h4 class=\"elementor-heading-title elementor-size-default\">Fortschrittliche Ergonomie<\/h4>\t\t\t\t<\/div>\n\t\t\t\t<div class=\"elementor-element elementor-element-ab28cfe elementor-widget elementor-widget-text-editor\" data-id=\"ab28cfe\" data-element_type=\"widget\" data-widget_type=\"text-editor.default\">\n\t\t\t\t\t\t\t\t\t<p>die sich an die h\u00e4ufigsten klinischen Anforderungen anpassen lassen.<\/p>\t\t\t\t\t\t\t\t<\/div>\n\t\t\t\t<\/div>\n\t\t<div class=\"elementor-element elementor-element-0749508 e-con-full e-flex e-con e-child\" data-id=\"0749508\" data-element_type=\"container\" data-settings=\"{&quot;background_background&quot;:&quot;classic&quot;}\">\n\t\t\t\t<div class=\"elementor-element elementor-element-9b9470b elementor-widget elementor-widget-heading\" data-id=\"9b9470b\" data-element_type=\"widget\" data-widget_type=\"heading.default\">\n\t\t\t\t\t<h4 class=\"elementor-heading-title elementor-size-default\">Dedizierte Versionen<\/h4>\t\t\t\t<\/div>\n\t\t\t\t<div class=\"elementor-element elementor-element-6353ddf elementor-widget elementor-widget-text-editor\" data-id=\"6353ddf\" data-element_type=\"widget\" data-widget_type=\"text-editor.default\">\n\t\t\t\t\t\t\t\t\t<p data-start=\"1900\" data-end=\"1961\">f\u00fcr normale und empfindliche F\u00fc\u00dfe.<\/p>\t\t\t\t\t\t\t\t<\/div>\n\t\t\t\t<\/div>\n\t\t<div class=\"elementor-element elementor-element-e5a7f34 e-con-full e-flex e-con e-child\" data-id=\"e5a7f34\" data-element_type=\"container\" data-settings=\"{&quot;background_background&quot;:&quot;classic&quot;}\">\n\t\t\t\t<div class=\"elementor-element elementor-element-d1eb514 elementor-widget elementor-widget-heading\" data-id=\"d1eb514\" data-element_type=\"widget\" data-widget_type=\"heading.default\">\n\t\t\t\t\t<h4 class=\"elementor-heading-title elementor-size-default\">\u00dcberlegener Schutz<\/h4>\t\t\t\t<\/div>\n\t\t\t\t<div class=\"elementor-element elementor-element-8512516 elementor-widget elementor-widget-text-editor\" data-id=\"8512516\" data-element_type=\"widget\" data-widget_type=\"text-editor.default\">\n\t\t\t\t\t\t\t\t\t<p data-start=\"1964\" data-end=\"2049\">ideal bei chronischen Krankheiten oder empfindlicher Haut.<\/p>\t\t\t\t\t\t\t\t<\/div>\n\t\t\t\t<\/div>\n\t\t<div class=\"elementor-element elementor-element-56cc4fb e-con-full e-flex e-con e-child\" data-id=\"56cc4fb\" data-element_type=\"container\" data-settings=\"{&quot;background_background&quot;:&quot;classic&quot;}\">\n\t\t\t\t<div class=\"elementor-element elementor-element-335a64f elementor-widget elementor-widget-heading\" data-id=\"335a64f\" data-element_type=\"widget\" data-widget_type=\"heading.default\">\n\t\t\t\t\t<h4 class=\"elementor-heading-title elementor-size-default\">Zertifizierte Qualit\u00e4t<\/h4>\t\t\t\t<\/div>\n\t\t\t\t<div class=\"elementor-element elementor-element-68d55e1 elementor-widget elementor-widget-text-editor\" data-id=\"68d55e1\" data-element_type=\"widget\" data-widget_type=\"text-editor.default\">\n\t\t\t\t\t\t\t\t\t<p data-start=\"2142\" data-end=\"2200\">mit sicheren und gepr\u00fcften Materialien.<\/p>\t\t\t\t\t\t\t\t<\/div>\n\t\t\t\t<\/div>\n\t\t\t\t\t<\/div>\n\t\t\t\t<\/div>\n\t\t<div class=\"elementor-element elementor-element-a7e7fff e-flex e-con-boxed e-con e-parent\" data-id=\"a7e7fff\" data-element_type=\"container\" data-settings=\"{&quot;background_background&quot;:&quot;classic&quot;}\">\n\t\t\t\t\t<div class=\"e-con-inner\">\n\t\t\t\t<div class=\"elementor-element elementor-element-171e61f elementor-widget elementor-widget-heading\" data-id=\"171e61f\" data-element_type=\"widget\" data-widget_type=\"heading.default\">\n\t\t\t\t\t<h2 class=\"elementor-heading-title elementor-size-default\">Der zus\u00e4tzliche Nutzen von GILA<\/h2>\t\t\t\t<\/div>\n\t\t\t\t<div class=\"elementor-element elementor-element-99a9865 elementor-widget elementor-widget-text-editor\" data-id=\"99a9865\" data-element_type=\"widget\" data-widget_type=\"text-editor.default\">\n\t\t\t\t\t\t\t\t\t<p data-start=\"2248\" data-end=\"2529\"><b>Microstar <\/b>ist eine halbbearbeitete Basis, die die Verarbeitung vereinfacht und die Laborzeit verk\u00fcrzt. Sie erm\u00f6glicht es, dem Patienten ein Ger\u00e4t anzubieten <b>zuverl\u00e4ssig, komfortabel und sicher<\/b>, bei gleichzeitiger Wahrung eines hohen Niveaus an Professionalit\u00e4t und wahrgenommener Qualit\u00e4t der Dienstleistung.<\/p>\t\t\t\t\t\t\t\t<\/div>\n\t\t\t\t\t<\/div>\n\t\t\t\t<\/div>\n\t\t\t\t<\/div>","protected":false},"excerpt":{"rendered":"<p>Plantari ergonomici per ortopedia tecnica MICROSTAR\u2013 Plantari semi-lavorati per comfort e protezione clinica La linea Microstar nasce per offrire al tecnico ortopedico una base semi-lavorata progettata con criteri ergonomici avanzati, in grado di garantire comfort e protezione anche nelle situazioni cliniche pi\u00f9 delicate. \u00c8 la soluzione ideale per chi cerca plantari affidabili, pratici da personalizzare [&hellip;]<\/p>\n","protected":false},"author":2,"featured_media":0,"parent":0,"menu_order":0,"comment_status":"closed","ping_status":"closed","template":"","meta":{"_acf_changed":false,"footnotes":""},"class_list":["post-529","page","type-page","status-publish","hentry"],"acf":[],"yoast_head":"<!-- This site is optimized with the Yoast SEO plugin v27.2 - https:\/\/yoast.com\/product\/yoast-seo-wordpress\/ -->\n<title>Plantari Microstar- Gila - Forniture per ortopedia tecnica<\/title>\n<meta name=\"robots\" content=\"index, follow, max-snippet:-1, max-image-preview:large, max-video-preview:-1\" \/>\n<link rel=\"canonical\" href=\"https:\/\/gila-italia.com\/de\/microstar\/\" \/>\n<meta property=\"og:locale\" content=\"de_DE\" \/>\n<meta property=\"og:type\" content=\"article\" \/>\n<meta property=\"og:title\" content=\"Plantari Microstar- Gila - Forniture per ortopedia tecnica\" \/>\n<meta property=\"og:description\" content=\"Plantari ergonomici per ortopedia tecnica MICROSTAR\u2013 Plantari semi-lavorati per comfort e protezione clinica La linea Microstar nasce per offrire al tecnico ortopedico una base semi-lavorata progettata con criteri ergonomici avanzati, in grado di garantire comfort e protezione anche nelle situazioni cliniche pi\u00f9 delicate. \u00c8 la soluzione ideale per chi cerca plantari affidabili, pratici da personalizzare [&hellip;]\" \/>\n<meta property=\"og:url\" content=\"https:\/\/gila-italia.com\/de\/microstar\/\" \/>\n<meta property=\"og:site_name\" content=\"Gila\" \/>\n<meta property=\"article:modified_time\" content=\"2025-12-15T16:11:29+00:00\" \/>\n<meta property=\"og:image\" content=\"https:\/\/gila-italia.com\/wp-content\/uploads\/2025\/11\/GILA-micro.jpg\" \/>\n<meta name=\"twitter:card\" content=\"summary_large_image\" \/>\n<meta name=\"twitter:label1\" content=\"Gesch\u00e4tzte Lesezeit\" \/>\n\t<meta name=\"twitter:data1\" content=\"3\u00a0Minuten\" \/>\n<script type=\"application\/ld+json\" class=\"yoast-schema-graph\">{\"@context\":\"https:\/\/schema.org\",\"@graph\":[{\"@type\":\"WebPage\",\"@id\":\"https:\/\/gila-italia.com\/microstar\/\",\"url\":\"https:\/\/gila-italia.com\/microstar\/\",\"name\":\"Plantari Microstar- Gila - Forniture per ortopedia tecnica\",\"isPartOf\":{\"@id\":\"https:\/\/gila-italia.com\/#website\"},\"primaryImageOfPage\":{\"@id\":\"https:\/\/gila-italia.com\/microstar\/#primaryimage\"},\"image\":{\"@id\":\"https:\/\/gila-italia.com\/microstar\/#primaryimage\"},\"thumbnailUrl\":\"https:\/\/gila-italia.com\/wp-content\/uploads\/2025\/11\/GILA-micro.jpg\",\"datePublished\":\"2025-10-02T08:55:42+00:00\",\"dateModified\":\"2025-12-15T16:11:29+00:00\",\"breadcrumb\":{\"@id\":\"https:\/\/gila-italia.com\/microstar\/#breadcrumb\"},\"inLanguage\":\"de\",\"potentialAction\":[{\"@type\":\"ReadAction\",\"target\":[\"https:\/\/gila-italia.com\/microstar\/\"]}]},{\"@type\":\"ImageObject\",\"inLanguage\":\"de\",\"@id\":\"https:\/\/gila-italia.com\/microstar\/#primaryimage\",\"url\":\"https:\/\/gila-italia.com\/wp-content\/uploads\/2025\/11\/GILA-micro.jpg\",\"contentUrl\":\"https:\/\/gila-italia.com\/wp-content\/uploads\/2025\/11\/GILA-micro.jpg\"},{\"@type\":\"BreadcrumbList\",\"@id\":\"https:\/\/gila-italia.com\/microstar\/#breadcrumb\",\"itemListElement\":[{\"@type\":\"ListItem\",\"position\":1,\"name\":\"Home\",\"item\":\"https:\/\/gila-italia.com\/\"},{\"@type\":\"ListItem\",\"position\":2,\"name\":\"Microstar\"}]},{\"@type\":\"WebSite\",\"@id\":\"https:\/\/gila-italia.com\/#website\",\"url\":\"https:\/\/gila-italia.com\/\",\"name\":\"Gila\",\"description\":\"\",\"potentialAction\":[{\"@type\":\"SearchAction\",\"target\":{\"@type\":\"EntryPoint\",\"urlTemplate\":\"https:\/\/gila-italia.com\/?s={search_term_string}\"},\"query-input\":{\"@type\":\"PropertyValueSpecification\",\"valueRequired\":true,\"valueName\":\"search_term_string\"}}],\"inLanguage\":\"de\"}]}<\/script>\n<!-- \/ Yoast SEO plugin. -->","yoast_head_json":{"title":"Microstar Orthotics - Gila - Orthop\u00e4dietechnischer Bedarf","robots":{"index":"index","follow":"follow","max-snippet":"max-snippet:-1","max-image-preview":"max-image-preview:large","max-video-preview":"max-video-preview:-1"},"canonical":"https:\/\/gila-italia.com\/de\/microstar\/","og_locale":"de_DE","og_type":"article","og_title":"Plantari Microstar- Gila - Forniture per ortopedia tecnica","og_description":"Plantari ergonomici per ortopedia tecnica MICROSTAR\u2013 Plantari semi-lavorati per comfort e protezione clinica La linea Microstar nasce per offrire al tecnico ortopedico una base semi-lavorata progettata con criteri ergonomici avanzati, in grado di garantire comfort e protezione anche nelle situazioni cliniche pi\u00f9 delicate. \u00c8 la soluzione ideale per chi cerca plantari affidabili, pratici da personalizzare [&hellip;]","og_url":"https:\/\/gila-italia.com\/de\/microstar\/","og_site_name":"Gila","article_modified_time":"2025-12-15T16:11:29+00:00","og_image":[{"url":"https:\/\/gila-italia.com\/wp-content\/uploads\/2025\/11\/GILA-micro.jpg","type":"","width":"","height":""}],"twitter_card":"summary_large_image","twitter_misc":{"Gesch\u00e4tzte Lesezeit":"3\u00a0Minuten"},"schema":{"@context":"https:\/\/schema.org","@graph":[{"@type":"WebPage","@id":"https:\/\/gila-italia.com\/microstar\/","url":"https:\/\/gila-italia.com\/microstar\/","name":"Microstar Orthotics - Gila - Orthop\u00e4dietechnischer Bedarf","isPartOf":{"@id":"https:\/\/gila-italia.com\/#website"},"primaryImageOfPage":{"@id":"https:\/\/gila-italia.com\/microstar\/#primaryimage"},"image":{"@id":"https:\/\/gila-italia.com\/microstar\/#primaryimage"},"thumbnailUrl":"https:\/\/gila-italia.com\/wp-content\/uploads\/2025\/11\/GILA-micro.jpg","datePublished":"2025-10-02T08:55:42+00:00","dateModified":"2025-12-15T16:11:29+00:00","breadcrumb":{"@id":"https:\/\/gila-italia.com\/microstar\/#breadcrumb"},"inLanguage":"de","potentialAction":[{"@type":"ReadAction","target":["https:\/\/gila-italia.com\/microstar\/"]}]},{"@type":"ImageObject","inLanguage":"de","@id":"https:\/\/gila-italia.com\/microstar\/#primaryimage","url":"https:\/\/gila-italia.com\/wp-content\/uploads\/2025\/11\/GILA-micro.jpg","contentUrl":"https:\/\/gila-italia.com\/wp-content\/uploads\/2025\/11\/GILA-micro.jpg"},{"@type":"BreadcrumbList","@id":"https:\/\/gila-italia.com\/microstar\/#breadcrumb","itemListElement":[{"@type":"ListItem","position":1,"name":"Home","item":"https:\/\/gila-italia.com\/"},{"@type":"ListItem","position":2,"name":"Microstar"}]},{"@type":"WebSite","@id":"https:\/\/gila-italia.com\/#website","url":"https:\/\/gila-italia.com\/","name":"Gila","description":"","potentialAction":[{"@type":"SearchAction","target":{"@type":"EntryPoint","urlTemplate":"https:\/\/gila-italia.com\/?s={search_term_string}"},"query-input":{"@type":"PropertyValueSpecification","valueRequired":true,"valueName":"search_term_string"}}],"inLanguage":"de"}]}},"_links":{"self":[{"href":"https:\/\/gila-italia.com\/de\/wp-json\/wp\/v2\/pages\/529","targetHints":{"allow":["GET"]}}],"collection":[{"href":"https:\/\/gila-italia.com\/de\/wp-json\/wp\/v2\/pages"}],"about":[{"href":"https:\/\/gila-italia.com\/de\/wp-json\/wp\/v2\/types\/page"}],"author":[{"embeddable":true,"href":"https:\/\/gila-italia.com\/de\/wp-json\/wp\/v2\/users\/2"}],"replies":[{"embeddable":true,"href":"https:\/\/gila-italia.com\/de\/wp-json\/wp\/v2\/comments?post=529"}],"version-history":[{"count":28,"href":"https:\/\/gila-italia.com\/de\/wp-json\/wp\/v2\/pages\/529\/revisions"}],"predecessor-version":[{"id":1495,"href":"https:\/\/gila-italia.com\/de\/wp-json\/wp\/v2\/pages\/529\/revisions\/1495"}],"wp:attachment":[{"href":"https:\/\/gila-italia.com\/de\/wp-json\/wp\/v2\/media?parent=529"}],"curies":[{"name":"wp","href":"https:\/\/api.w.org\/{rel}","templated":true}]}}