{"id":676,"date":"2025-10-06T16:59:45","date_gmt":"2025-10-06T14:59:45","guid":{"rendered":"http:\/\/gila-italia.com\/?page_id=676"},"modified":"2026-02-24T11:56:32","modified_gmt":"2026-02-24T10:56:32","slug":"proteo","status":"publish","type":"page","link":"https:\/\/gila-italia.com\/de\/proteo\/","title":{"rendered":"Proteus"},"content":{"rendered":"<div data-elementor-type=\"wp-page\" data-elementor-id=\"676\" class=\"elementor elementor-676\" data-elementor-post-type=\"page\">\n\t\t\t\t<div class=\"elementor-element elementor-element-e1ff056 e-flex e-con-boxed e-con e-parent\" data-id=\"e1ff056\" data-element_type=\"container\" data-settings=\"{&quot;background_background&quot;:&quot;gradient&quot;}\">\n\t\t\t\t\t<div class=\"e-con-inner\">\n\t\t<div class=\"elementor-element elementor-element-466fddb e-con-full elementor-hidden-tablet e-flex e-con e-child\" data-id=\"466fddb\" data-element_type=\"container\">\n\t\t\t\t<div class=\"elementor-element elementor-element-60713ac elementor-widget elementor-widget-image\" data-id=\"60713ac\" data-element_type=\"widget\" data-widget_type=\"image.default\">\n\t\t\t\t\t\t\t\t\t\t\t\t\t\t\t<img fetchpriority=\"high\" decoding=\"async\" width=\"800\" height=\"800\" src=\"https:\/\/gila-italia.com\/wp-content\/uploads\/2025\/11\/GILA-proteo.jpg\" class=\"attachment-large size-large wp-image-1306\" alt=\"\" srcset=\"https:\/\/gila-italia.com\/wp-content\/uploads\/2025\/11\/GILA-proteo.jpg 1000w, https:\/\/gila-italia.com\/wp-content\/uploads\/2025\/11\/GILA-proteo-300x300.jpg 300w, https:\/\/gila-italia.com\/wp-content\/uploads\/2025\/11\/GILA-proteo-150x150.jpg 150w, https:\/\/gila-italia.com\/wp-content\/uploads\/2025\/11\/GILA-proteo-768x768.jpg 768w\" sizes=\"(max-width: 800px) 100vw, 800px\" \/>\t\t\t\t\t\t\t\t\t\t\t\t\t\t\t<\/div>\n\t\t\t\t<\/div>\n\t\t<div class=\"elementor-element elementor-element-26de3bc e-con-full e-flex e-con e-child\" data-id=\"26de3bc\" data-element_type=\"container\">\n\t\t<div class=\"elementor-element elementor-element-1babe37 e-con-full e-flex e-con e-child\" data-id=\"1babe37\" data-element_type=\"container\">\n\t\t\t\t<div class=\"elementor-element elementor-element-85958a4 elementor-widget elementor-widget-heading\" data-id=\"85958a4\" data-element_type=\"widget\" data-widget_type=\"heading.default\">\n\t\t\t\t\t<h1 class=\"elementor-heading-title elementor-size-default\">Halbfertige Orthesen<\/h1>\t\t\t\t<\/div>\n\t\t\t\t<div class=\"elementor-element elementor-element-a6cef53 elementor-widget elementor-widget-heading\" data-id=\"a6cef53\" data-element_type=\"widget\" data-widget_type=\"heading.default\">\n\t\t\t\t\t<h2 class=\"elementor-heading-title elementor-size-default\">PROTEO - Halbgeformte orthop\u00e4dische Einlagen f\u00fcr Gleichgewicht und Stabilit\u00e4t<\/h2>\t\t\t\t<\/div>\n\t\t\t\t<div class=\"elementor-element elementor-element-c51d88c elementor-widget elementor-widget-text-editor\" data-id=\"c51d88c\" data-element_type=\"widget\" data-widget_type=\"text-editor.default\">\n\t\t\t\t\t\t\t\t\t<p data-start=\"489\" data-end=\"981\"><strong data-start=\"489\" data-end=\"499\">PROTEO<\/strong> ist eine der repr\u00e4sentativsten Linien von GILA, die geschaffen wurde, um Orthop\u00e4dietechnikern eine vielseitige, zuverl\u00e4ssige und bew\u00e4hrte halbbearbeitete Basis zu bieten. Erkennbar durch seine <strong data-start=\"680\" data-end=\"712\">Gew\u00f6lbestabilit\u00e4t<\/strong> und f\u00fcr die <strong data-start=\"722\" data-end=\"761\">Flexibilit\u00e4t der Fersenst\u00fctze<\/strong>, Der PROTEO garantiert ein perfektes Gleichgewicht zwischen biomechanischer Kontrolle und nat\u00fcrlicher Bewegungsfreiheit. Es ist eine L\u00f6sung f\u00fcr diejenigen, die technische Pr\u00e4zision, Komfort und Dynamik in ein und demselben Ger\u00e4t suchen.<\/p>\t\t\t\t\t\t\t\t<\/div>\n\t\t\t\t<div class=\"elementor-element elementor-element-6ff7815 elementor-widget elementor-widget-button\" data-id=\"6ff7815\" data-element_type=\"widget\" data-widget_type=\"button.default\">\n\t\t\t\t\t\t\t\t\t\t<a class=\"elementor-button elementor-button-link elementor-size-sm\" href=\"#contatti\">\n\t\t\t\t\t\t<span class=\"elementor-button-content-wrapper\">\n\t\t\t\t\t\t\t\t\t<span class=\"elementor-button-text\">Ein Angebot anfordern<\/span>\n\t\t\t\t\t<\/span>\n\t\t\t\t\t<\/a>\n\t\t\t\t\t\t\t\t<\/div>\n\t\t\t\t<\/div>\n\t\t\t\t<\/div>\n\t\t\t\t\t<\/div>\n\t\t\t\t<\/div>\n\t\t<div class=\"elementor-element elementor-element-fde2f15 e-flex e-con-boxed e-con e-parent\" data-id=\"fde2f15\" data-element_type=\"container\" data-settings=\"{&quot;background_background&quot;:&quot;classic&quot;}\">\n\t\t\t\t\t<div class=\"e-con-inner\">\n\t\t<div class=\"elementor-element elementor-element-bf08c44 e-con-full e-flex e-con e-child\" data-id=\"bf08c44\" data-element_type=\"container\">\n\t\t\t\t<div class=\"elementor-element elementor-element-4f794d5 elementor-widget elementor-widget-heading\" data-id=\"4f794d5\" data-element_type=\"widget\" data-widget_type=\"heading.default\">\n\t\t\t\t\t<h2 class=\"elementor-heading-title elementor-size-default\">Konsistente Leistung, Jahr f\u00fcr Jahr<\/h2>\t\t\t\t<\/div>\n\t\t\t\t<div class=\"elementor-element elementor-element-98501d3 elementor-widget elementor-widget-text-editor\" data-id=\"98501d3\" data-element_type=\"widget\" data-widget_type=\"text-editor.default\">\n\t\t\t\t\t\t\t\t\t<p data-start=\"1058\" data-end=\"1588\">Als Ergebnis jahrelanger Weiterentwicklung ist die PROTEO-Linie nach wie vor eine Referenz f\u00fcr orthop\u00e4dische Labors, die mit zuverl\u00e4ssigen Materialien und wiederholbaren Ergebnissen arbeiten wollen. Die Kombination aus <strong data-start=\"1263\" data-end=\"1295\">kalibrierte Bogensteifigkeit<\/strong> e <strong data-start=\"1298\" data-end=\"1324\">Elastizit\u00e4t der Ferse<\/strong> erm\u00f6glicht einen weichen Schritt, verteilt die Lasten richtig und reduziert die Erm\u00fcdung der Gelenke. Jedes Detail wurde entwickelt, um Stabilit\u00e4t und Komfort auch nach l\u00e4ngerem Gebrauch zu gew\u00e4hrleisten und die Leistung im Laufe der Zeit zu erhalten.<\/p>\t\t\t\t\t\t\t\t<\/div>\n\t\t\t\t<div class=\"elementor-element elementor-element-ee205f4 elementor-widget elementor-widget-button\" data-id=\"ee205f4\" data-element_type=\"widget\" data-widget_type=\"button.default\">\n\t\t\t\t\t\t\t\t\t\t<a class=\"elementor-button elementor-button-link elementor-size-sm\" href=\"#contatti\">\n\t\t\t\t\t\t<span class=\"elementor-button-content-wrapper\">\n\t\t\t\t\t\t\t\t\t<span class=\"elementor-button-text\">Kontakt<\/span>\n\t\t\t\t\t<\/span>\n\t\t\t\t\t<\/a>\n\t\t\t\t\t\t\t\t<\/div>\n\t\t\t\t<\/div>\n\t\t<div class=\"elementor-element elementor-element-14ed929 e-con-full e-flex e-con e-child\" data-id=\"14ed929\" data-element_type=\"container\">\n\t\t\t\t<div class=\"elementor-element elementor-element-6ad29c4 elementor-widget elementor-widget-image\" data-id=\"6ad29c4\" data-element_type=\"widget\" data-widget_type=\"image.default\">\n\t\t\t\t\t\t\t\t\t\t\t\t\t\t\t<img decoding=\"async\" width=\"1024\" height=\"1024\" src=\"https:\/\/gila-italia.com\/wp-content\/uploads\/2026\/02\/GILA4.jpg\" class=\"attachment-full size-full wp-image-2068\" alt=\"\" srcset=\"https:\/\/gila-italia.com\/wp-content\/uploads\/2026\/02\/GILA4.jpg 1024w, https:\/\/gila-italia.com\/wp-content\/uploads\/2026\/02\/GILA4-300x300.jpg 300w, https:\/\/gila-italia.com\/wp-content\/uploads\/2026\/02\/GILA4-150x150.jpg 150w, https:\/\/gila-italia.com\/wp-content\/uploads\/2026\/02\/GILA4-768x768.jpg 768w\" sizes=\"(max-width: 1024px) 100vw, 1024px\" \/>\t\t\t\t\t\t\t\t\t\t\t\t\t\t\t<\/div>\n\t\t\t\t<\/div>\n\t\t\t\t\t<\/div>\n\t\t\t\t<\/div>\n\t\t<div class=\"elementor-element elementor-element-f8c668a e-con-full e-flex e-con e-parent\" data-id=\"f8c668a\" data-element_type=\"container\">\n\t\t\t\t<div class=\"elementor-element elementor-element-444016e elementor-widget elementor-widget-shortcode\" data-id=\"444016e\" data-element_type=\"widget\" data-widget_type=\"shortcode.default\">\n\t\t\t\t\t\t\t<div class=\"elementor-shortcode\">\t\t<div data-elementor-type=\"section\" data-elementor-id=\"824\" class=\"elementor elementor-824\" data-elementor-post-type=\"elementor_library\">\n\t\t\t<div class=\"elementor-element elementor-element-76dee55 e-flex e-con-boxed e-con e-parent\" data-id=\"76dee55\" data-element_type=\"container\" data-settings=\"{&quot;background_background&quot;:&quot;gradient&quot;}\">\n\t\t\t\t\t<div class=\"e-con-inner\">\n\t\t\t\t<div class=\"elementor-element elementor-element-55c3bd3 elementor-widget elementor-widget-heading\" data-id=\"55c3bd3\" data-element_type=\"widget\" data-widget_type=\"heading.default\">\n\t\t\t\t\t<h5 class=\"elementor-heading-title elementor-size-default\">M\u00f6chten Sie die GILA-Kataloge erhalten?<\/h5>\t\t\t\t<\/div>\n\t\t\t\t<div class=\"elementor-element elementor-element-738f3fa elementor-widget elementor-widget-text-editor\" data-id=\"738f3fa\" data-element_type=\"widget\" data-widget_type=\"text-editor.default\">\n\t\t\t\t\t\t\t\t\t<p data-start=\"535\" data-end=\"696\">Zugang zu allen technischen Informationen \u00fcber unsere Produkte.<br \/>F\u00fcllen Sie das Formular aus und <b>Sie werden den Link per E-Mail erhalten<\/b> zum Herunterladen von GILA-Katalogen im PDF-Format.<\/p>\t\t\t\t\t\t\t\t<\/div>\n\t\t\t\t<div class=\"elementor-element elementor-element-5cc215f elementor-widget elementor-widget-button\" data-id=\"5cc215f\" data-element_type=\"widget\" data-widget_type=\"button.default\">\n\t\t\t\t\t\t\t\t\t\t<a class=\"elementor-button elementor-button-link elementor-size-sm\" href=\"https:\/\/gila-italia.com\/de\/form-cataloghi\/\" target=\"_blank\">\n\t\t\t\t\t\t<span class=\"elementor-button-content-wrapper\">\n\t\t\t\t\t\t\t\t\t<span class=\"elementor-button-text\">Klicken Sie hier<\/span>\n\t\t\t\t\t<\/span>\n\t\t\t\t\t<\/a>\n\t\t\t\t\t\t\t\t<\/div>\n\t\t\t\t\t<\/div>\n\t\t\t\t<\/div>\n\t\t\t\t<\/div>\n\t\t<\/div>\n\t\t\t\t\t\t<\/div>\n\t\t\t\t<\/div>\n\t\t<div class=\"elementor-element elementor-element-2f36f1a e-flex e-con-boxed e-con e-parent\" data-id=\"2f36f1a\" data-element_type=\"container\" data-settings=\"{&quot;background_background&quot;:&quot;classic&quot;}\">\n\t\t\t\t\t<div class=\"e-con-inner\">\n\t\t<div class=\"elementor-element elementor-element-7170a68 e-con-full e-flex e-con e-child\" data-id=\"7170a68\" data-element_type=\"container\">\n\t\t\t\t<div class=\"elementor-element elementor-element-4f81858 elementor-widget elementor-widget-image\" data-id=\"4f81858\" data-element_type=\"widget\" data-widget_type=\"image.default\">\n\t\t\t\t\t\t\t\t\t\t\t\t\t\t\t<img decoding=\"async\" width=\"1000\" height=\"1000\" src=\"https:\/\/gila-italia.com\/wp-content\/uploads\/2025\/11\/GILA-proteo2.jpg\" class=\"attachment-full size-full wp-image-1308\" alt=\"\" srcset=\"https:\/\/gila-italia.com\/wp-content\/uploads\/2025\/11\/GILA-proteo2.jpg 1000w, https:\/\/gila-italia.com\/wp-content\/uploads\/2025\/11\/GILA-proteo2-300x300.jpg 300w, https:\/\/gila-italia.com\/wp-content\/uploads\/2025\/11\/GILA-proteo2-150x150.jpg 150w, https:\/\/gila-italia.com\/wp-content\/uploads\/2025\/11\/GILA-proteo2-768x768.jpg 768w\" sizes=\"(max-width: 1000px) 100vw, 1000px\" \/>\t\t\t\t\t\t\t\t\t\t\t\t\t\t\t<\/div>\n\t\t\t\t<\/div>\n\t\t<div class=\"elementor-element elementor-element-e8f0d3a e-con-full e-flex e-con e-child\" data-id=\"e8f0d3a\" data-element_type=\"container\">\n\t\t\t\t<div class=\"elementor-element elementor-element-cb1f341 elementor-widget elementor-widget-heading\" data-id=\"cb1f341\" data-element_type=\"widget\" data-widget_type=\"heading.default\">\n\t\t\t\t\t<h2 class=\"elementor-heading-title elementor-size-default\">Wo PROTEO am besten ist<\/h2>\t\t\t\t<\/div>\n\t\t\t\t<div class=\"elementor-element elementor-element-fc82fbb elementor-widget elementor-widget-text-editor\" data-id=\"fc82fbb\" data-element_type=\"widget\" data-widget_type=\"text-editor.default\">\n\t\t\t\t\t\t\t\t\t<p data-start=\"920\" data-end=\"1578\">Dank seiner ausgewogenen Struktur ist PROTEO f\u00fcr viele Einsatzbereiche geeignet. Er wird besonders gesch\u00e4tzt in der <strong data-start=\"1765\" data-end=\"1785\">Sportbereich<\/strong>, wo Kontrolle und Dynamik koexistieren m\u00fcssen, aber auch in Einlagen f\u00fcr den t\u00e4glichen Gebrauch f\u00fcr Patienten, die eine zuverl\u00e4ssige Unterst\u00fctzung ben\u00f6tigen. Dank seiner Vielseitigkeit kann der Techniker die Einlage leicht an die Morphologie des Fu\u00dfes und die Art der ausge\u00fcbten T\u00e4tigkeit anpassen, um ein ma\u00dfgeschneidertes Ergebnis f\u00fcr jeden Bedarf zu erzielen.<\/p>\t\t\t\t\t\t\t\t<\/div>\n\t\t\t\t<div class=\"elementor-element elementor-element-027bfee elementor-widget elementor-widget-button\" data-id=\"027bfee\" data-element_type=\"widget\" data-widget_type=\"button.default\">\n\t\t\t\t\t\t\t\t\t\t<a class=\"elementor-button elementor-button-link elementor-size-sm\" href=\"#contatti\">\n\t\t\t\t\t\t<span class=\"elementor-button-content-wrapper\">\n\t\t\t\t\t\t\t\t\t<span class=\"elementor-button-text\">Kontaktieren Sie uns<\/span>\n\t\t\t\t\t<\/span>\n\t\t\t\t\t<\/a>\n\t\t\t\t\t\t\t\t<\/div>\n\t\t\t\t<\/div>\n\t\t\t\t\t<\/div>\n\t\t\t\t<\/div>\n\t\t<div class=\"elementor-element elementor-element-aedbddc e-flex e-con-boxed e-con e-parent\" data-id=\"aedbddc\" data-element_type=\"container\" data-settings=\"{&quot;background_background&quot;:&quot;gradient&quot;}\">\n\t\t\t\t\t<div class=\"e-con-inner\">\n\t\t<div class=\"elementor-element elementor-element-4d306b6 e-con-full e-flex e-con e-child\" data-id=\"4d306b6\" data-element_type=\"container\" data-settings=\"{&quot;background_background&quot;:&quot;classic&quot;}\">\n\t\t\t\t<div class=\"elementor-element elementor-element-f31aecb elementor-widget elementor-widget-heading\" data-id=\"f31aecb\" data-element_type=\"widget\" data-widget_type=\"heading.default\">\n\t\t\t\t\t<h4 class=\"elementor-heading-title elementor-size-default\">Stabilit\u00e4t und Unterst\u00fctzung<\/h4>\t\t\t\t<\/div>\n\t\t\t\t<div class=\"elementor-element elementor-element-ab28cfe elementor-widget elementor-widget-text-editor\" data-id=\"ab28cfe\" data-element_type=\"widget\" data-widget_type=\"text-editor.default\">\n\t\t\t\t\t\t\t\t\t<p data-start=\"218\" data-end=\"334\">dank einer soliden Fu\u00dfgew\u00f6lbest\u00fctze.<\/p>\t\t\t\t\t\t\t\t<\/div>\n\t\t\t\t<\/div>\n\t\t<div class=\"elementor-element elementor-element-0749508 e-con-full e-flex e-con e-child\" data-id=\"0749508\" data-element_type=\"container\" data-settings=\"{&quot;background_background&quot;:&quot;classic&quot;}\">\n\t\t\t\t<div class=\"elementor-element elementor-element-9b9470b elementor-widget elementor-widget-heading\" data-id=\"9b9470b\" data-element_type=\"widget\" data-widget_type=\"heading.default\">\n\t\t\t\t\t<h4 class=\"elementor-heading-title elementor-size-default\">Kontrollierte Flexibilit\u00e4t<\/h4>\t\t\t\t<\/div>\n\t\t\t\t<div class=\"elementor-element elementor-element-6353ddf elementor-widget elementor-widget-text-editor\" data-id=\"6353ddf\" data-element_type=\"widget\" data-widget_type=\"text-editor.default\">\n\t\t\t\t\t\t\t\t\t<p data-start=\"1900\" data-end=\"1961\">mit einem elastischen Absatz, der den Schritt begleitet.<\/p>\t\t\t\t\t\t\t\t<\/div>\n\t\t\t\t<\/div>\n\t\t<div class=\"elementor-element elementor-element-e5a7f34 e-con-full e-flex e-con e-child\" data-id=\"e5a7f34\" data-element_type=\"container\" data-settings=\"{&quot;background_background&quot;:&quot;classic&quot;}\">\n\t\t\t\t<div class=\"elementor-element elementor-element-d1eb514 elementor-widget elementor-widget-heading\" data-id=\"d1eb514\" data-element_type=\"widget\" data-widget_type=\"heading.default\">\n\t\t\t\t\t<h4 class=\"elementor-heading-title elementor-size-default\">Konsistenz der Leistung<\/h4>\t\t\t\t<\/div>\n\t\t\t\t<div class=\"elementor-element elementor-element-8512516 elementor-widget elementor-widget-text-editor\" data-id=\"8512516\" data-element_type=\"widget\" data-widget_type=\"text-editor.default\">\n\t\t\t\t\t\t\t\t\t<p data-start=\"1964\" data-end=\"2049\">auch nach mehrmaliger intensiver Nutzung.<\/p>\t\t\t\t\t\t\t\t<\/div>\n\t\t\t\t<\/div>\n\t\t<div class=\"elementor-element elementor-element-56cc4fb e-con-full e-flex e-con e-child\" data-id=\"56cc4fb\" data-element_type=\"container\" data-settings=\"{&quot;background_background&quot;:&quot;classic&quot;}\">\n\t\t\t\t<div class=\"elementor-element elementor-element-335a64f elementor-widget elementor-widget-heading\" data-id=\"335a64f\" data-element_type=\"widget\" data-widget_type=\"heading.default\">\n\t\t\t\t\t<h4 class=\"elementor-heading-title elementor-size-default\">Leichte Anpassbarkeit<\/h4>\t\t\t\t<\/div>\n\t\t\t\t<div class=\"elementor-element elementor-element-68d55e1 elementor-widget elementor-widget-text-editor\" data-id=\"68d55e1\" data-element_type=\"widget\" data-widget_type=\"text-editor.default\">\n\t\t\t\t\t\t\t\t\t<p data-start=\"660\" data-end=\"786\">um sich genau an die Morphologie und Funktion des Fu\u00dfes anzupassen.<\/p>\t\t\t\t\t\t\t\t<\/div>\n\t\t\t\t<\/div>\n\t\t\t\t\t<\/div>\n\t\t\t\t<\/div>\n\t\t<div class=\"elementor-element elementor-element-a7e7fff e-flex e-con-boxed e-con e-parent\" data-id=\"a7e7fff\" data-element_type=\"container\" data-settings=\"{&quot;background_background&quot;:&quot;classic&quot;}\">\n\t\t\t\t\t<div class=\"e-con-inner\">\n\t\t\t\t<div class=\"elementor-element elementor-element-171e61f elementor-widget elementor-widget-heading\" data-id=\"171e61f\" data-element_type=\"widget\" data-widget_type=\"heading.default\">\n\t\t\t\t\t<h2 class=\"elementor-heading-title elementor-size-default\">Der zus\u00e4tzliche Nutzen von GILA<\/h2>\t\t\t\t<\/div>\n\t\t\t\t<div class=\"elementor-element elementor-element-99a9865 elementor-widget elementor-widget-text-editor\" data-id=\"99a9865\" data-element_type=\"widget\" data-widget_type=\"text-editor.default\">\n\t\t\t\t\t\t\t\t\t<p data-start=\"2723\" data-end=\"3172\">W\u00e4hlen Sie <strong>PROTEO<\/strong> bedeutet, sich auf eine halbbearbeitete Basis zu verlassen, die Erfahrung, Zuverl\u00e4ssigkeit und konkrete Ergebnisse vereint. Seine Stabilit\u00e4t macht die Verarbeitung einfacher und vorhersehbarer, w\u00e4hrend die Flexibilit\u00e4t des Absatzes eine gr\u00f6\u00dfere Anpassungsf\u00e4higkeit an den einzelnen Patienten erm\u00f6glicht. Es ist ein <strong>historisches Produkt aus der GILA-Reihe<\/strong>, aber immer noch relevant f\u00fcr diejenigen, die Einlegesohlen von gleichbleibender Qualit\u00e4t anbieten wollen, die sowohl f\u00fcr sportliche Aktivit\u00e4ten als auch f\u00fcr den t\u00e4glichen Gebrauch geeignet sind.<\/p>\t\t\t\t\t\t\t\t<\/div>\n\t\t\t\t\t<\/div>\n\t\t\t\t<\/div>\n\t\t\t\t<\/div>","protected":false},"excerpt":{"rendered":"<p>Plantari semi-lavorati PROTEO \u2013 Plantari ortopedici semi-lavorati per equilibrio e stabilit\u00e0 PROTEO \u00e8 una delle linee pi\u00f9 rappresentative di GILA, nata per offrire ai tecnici ortopedici una base semi-lavorata versatile, affidabile e collaudata nel tempo. Riconoscibile per la sua stabilit\u00e0 dell\u2019arco plantare e per la flessibilit\u00e0 del sostegno tallonare, PROTEO garantisce un perfetto equilibrio tra [&hellip;]<\/p>\n","protected":false},"author":2,"featured_media":0,"parent":0,"menu_order":0,"comment_status":"closed","ping_status":"closed","template":"","meta":{"_acf_changed":false,"footnotes":""},"class_list":["post-676","page","type-page","status-publish","hentry"],"acf":[],"yoast_head":"<!-- This site is optimized with the Yoast SEO plugin v27.2 - https:\/\/yoast.com\/product\/yoast-seo-wordpress\/ -->\n<title>Plantari Proteo - Gila - Forniture per ortopedia tecnica<\/title>\n<meta name=\"robots\" content=\"index, follow, max-snippet:-1, max-image-preview:large, max-video-preview:-1\" \/>\n<link rel=\"canonical\" href=\"https:\/\/gila-italia.com\/de\/proteo\/\" \/>\n<meta property=\"og:locale\" content=\"de_DE\" \/>\n<meta property=\"og:type\" content=\"article\" \/>\n<meta property=\"og:title\" content=\"Plantari Proteo - Gila - Forniture per ortopedia tecnica\" \/>\n<meta property=\"og:description\" content=\"Plantari semi-lavorati PROTEO \u2013 Plantari ortopedici semi-lavorati per equilibrio e stabilit\u00e0 PROTEO \u00e8 una delle linee pi\u00f9 rappresentative di GILA, nata per offrire ai tecnici ortopedici una base semi-lavorata versatile, affidabile e collaudata nel tempo. Riconoscibile per la sua stabilit\u00e0 dell\u2019arco plantare e per la flessibilit\u00e0 del sostegno tallonare, PROTEO garantisce un perfetto equilibrio tra [&hellip;]\" \/>\n<meta property=\"og:url\" content=\"https:\/\/gila-italia.com\/de\/proteo\/\" \/>\n<meta property=\"og:site_name\" content=\"Gila\" \/>\n<meta property=\"article:modified_time\" content=\"2026-02-24T10:56:32+00:00\" \/>\n<meta property=\"og:image\" content=\"https:\/\/gila-italia.com\/wp-content\/uploads\/2025\/11\/GILA-proteo.jpg\" \/>\n<meta name=\"twitter:card\" content=\"summary_large_image\" \/>\n<meta name=\"twitter:label1\" content=\"Gesch\u00e4tzte Lesezeit\" \/>\n\t<meta name=\"twitter:data1\" content=\"3\u00a0Minuten\" \/>\n<script type=\"application\/ld+json\" class=\"yoast-schema-graph\">{\"@context\":\"https:\/\/schema.org\",\"@graph\":[{\"@type\":\"WebPage\",\"@id\":\"https:\/\/gila-italia.com\/proteo\/\",\"url\":\"https:\/\/gila-italia.com\/proteo\/\",\"name\":\"Plantari Proteo - Gila - Forniture per ortopedia tecnica\",\"isPartOf\":{\"@id\":\"https:\/\/gila-italia.com\/#website\"},\"primaryImageOfPage\":{\"@id\":\"https:\/\/gila-italia.com\/proteo\/#primaryimage\"},\"image\":{\"@id\":\"https:\/\/gila-italia.com\/proteo\/#primaryimage\"},\"thumbnailUrl\":\"https:\/\/gila-italia.com\/wp-content\/uploads\/2025\/11\/GILA-proteo.jpg\",\"datePublished\":\"2025-10-06T14:59:45+00:00\",\"dateModified\":\"2026-02-24T10:56:32+00:00\",\"breadcrumb\":{\"@id\":\"https:\/\/gila-italia.com\/proteo\/#breadcrumb\"},\"inLanguage\":\"de\",\"potentialAction\":[{\"@type\":\"ReadAction\",\"target\":[\"https:\/\/gila-italia.com\/proteo\/\"]}]},{\"@type\":\"ImageObject\",\"inLanguage\":\"de\",\"@id\":\"https:\/\/gila-italia.com\/proteo\/#primaryimage\",\"url\":\"https:\/\/gila-italia.com\/wp-content\/uploads\/2025\/11\/GILA-proteo.jpg\",\"contentUrl\":\"https:\/\/gila-italia.com\/wp-content\/uploads\/2025\/11\/GILA-proteo.jpg\"},{\"@type\":\"BreadcrumbList\",\"@id\":\"https:\/\/gila-italia.com\/proteo\/#breadcrumb\",\"itemListElement\":[{\"@type\":\"ListItem\",\"position\":1,\"name\":\"Home\",\"item\":\"https:\/\/gila-italia.com\/\"},{\"@type\":\"ListItem\",\"position\":2,\"name\":\"Proteo\"}]},{\"@type\":\"WebSite\",\"@id\":\"https:\/\/gila-italia.com\/#website\",\"url\":\"https:\/\/gila-italia.com\/\",\"name\":\"Gila\",\"description\":\"\",\"potentialAction\":[{\"@type\":\"SearchAction\",\"target\":{\"@type\":\"EntryPoint\",\"urlTemplate\":\"https:\/\/gila-italia.com\/?s={search_term_string}\"},\"query-input\":{\"@type\":\"PropertyValueSpecification\",\"valueRequired\":true,\"valueName\":\"search_term_string\"}}],\"inLanguage\":\"de\"}]}<\/script>\n<!-- \/ Yoast SEO plugin. -->","yoast_head_json":{"title":"Proteo Orthotics - Gila - Orthop\u00e4dietechnik-Bedarf","robots":{"index":"index","follow":"follow","max-snippet":"max-snippet:-1","max-image-preview":"max-image-preview:large","max-video-preview":"max-video-preview:-1"},"canonical":"https:\/\/gila-italia.com\/de\/proteo\/","og_locale":"de_DE","og_type":"article","og_title":"Plantari Proteo - Gila - Forniture per ortopedia tecnica","og_description":"Plantari semi-lavorati PROTEO \u2013 Plantari ortopedici semi-lavorati per equilibrio e stabilit\u00e0 PROTEO \u00e8 una delle linee pi\u00f9 rappresentative di GILA, nata per offrire ai tecnici ortopedici una base semi-lavorata versatile, affidabile e collaudata nel tempo. Riconoscibile per la sua stabilit\u00e0 dell\u2019arco plantare e per la flessibilit\u00e0 del sostegno tallonare, PROTEO garantisce un perfetto equilibrio tra [&hellip;]","og_url":"https:\/\/gila-italia.com\/de\/proteo\/","og_site_name":"Gila","article_modified_time":"2026-02-24T10:56:32+00:00","og_image":[{"url":"https:\/\/gila-italia.com\/wp-content\/uploads\/2025\/11\/GILA-proteo.jpg","type":"","width":"","height":""}],"twitter_card":"summary_large_image","twitter_misc":{"Gesch\u00e4tzte Lesezeit":"3\u00a0Minuten"},"schema":{"@context":"https:\/\/schema.org","@graph":[{"@type":"WebPage","@id":"https:\/\/gila-italia.com\/proteo\/","url":"https:\/\/gila-italia.com\/proteo\/","name":"Proteo Orthotics - Gila - Orthop\u00e4dietechnik-Bedarf","isPartOf":{"@id":"https:\/\/gila-italia.com\/#website"},"primaryImageOfPage":{"@id":"https:\/\/gila-italia.com\/proteo\/#primaryimage"},"image":{"@id":"https:\/\/gila-italia.com\/proteo\/#primaryimage"},"thumbnailUrl":"https:\/\/gila-italia.com\/wp-content\/uploads\/2025\/11\/GILA-proteo.jpg","datePublished":"2025-10-06T14:59:45+00:00","dateModified":"2026-02-24T10:56:32+00:00","breadcrumb":{"@id":"https:\/\/gila-italia.com\/proteo\/#breadcrumb"},"inLanguage":"de","potentialAction":[{"@type":"ReadAction","target":["https:\/\/gila-italia.com\/proteo\/"]}]},{"@type":"ImageObject","inLanguage":"de","@id":"https:\/\/gila-italia.com\/proteo\/#primaryimage","url":"https:\/\/gila-italia.com\/wp-content\/uploads\/2025\/11\/GILA-proteo.jpg","contentUrl":"https:\/\/gila-italia.com\/wp-content\/uploads\/2025\/11\/GILA-proteo.jpg"},{"@type":"BreadcrumbList","@id":"https:\/\/gila-italia.com\/proteo\/#breadcrumb","itemListElement":[{"@type":"ListItem","position":1,"name":"Home","item":"https:\/\/gila-italia.com\/"},{"@type":"ListItem","position":2,"name":"Proteo"}]},{"@type":"WebSite","@id":"https:\/\/gila-italia.com\/#website","url":"https:\/\/gila-italia.com\/","name":"Gila","description":"","potentialAction":[{"@type":"SearchAction","target":{"@type":"EntryPoint","urlTemplate":"https:\/\/gila-italia.com\/?s={search_term_string}"},"query-input":{"@type":"PropertyValueSpecification","valueRequired":true,"valueName":"search_term_string"}}],"inLanguage":"de"}]}},"_links":{"self":[{"href":"https:\/\/gila-italia.com\/de\/wp-json\/wp\/v2\/pages\/676","targetHints":{"allow":["GET"]}}],"collection":[{"href":"https:\/\/gila-italia.com\/de\/wp-json\/wp\/v2\/pages"}],"about":[{"href":"https:\/\/gila-italia.com\/de\/wp-json\/wp\/v2\/types\/page"}],"author":[{"embeddable":true,"href":"https:\/\/gila-italia.com\/de\/wp-json\/wp\/v2\/users\/2"}],"replies":[{"embeddable":true,"href":"https:\/\/gila-italia.com\/de\/wp-json\/wp\/v2\/comments?post=676"}],"version-history":[{"count":25,"href":"https:\/\/gila-italia.com\/de\/wp-json\/wp\/v2\/pages\/676\/revisions"}],"predecessor-version":[{"id":2071,"href":"https:\/\/gila-italia.com\/de\/wp-json\/wp\/v2\/pages\/676\/revisions\/2071"}],"wp:attachment":[{"href":"https:\/\/gila-italia.com\/de\/wp-json\/wp\/v2\/media?parent=676"}],"curies":[{"name":"wp","href":"https:\/\/api.w.org\/{rel}","templated":true}]}}