{"id":995,"date":"2025-10-17T17:11:16","date_gmt":"2025-10-17T15:11:16","guid":{"rendered":"http:\/\/gila-italia.com\/?page_id=995"},"modified":"2026-04-08T11:34:55","modified_gmt":"2026-04-08T09:34:55","slug":"kinder","status":"publish","type":"page","link":"https:\/\/gila-italia.com\/de\/bambini\/","title":{"rendered":"Kinder"},"content":{"rendered":"<div data-elementor-type=\"wp-page\" data-elementor-id=\"995\" class=\"elementor elementor-995\" data-elementor-post-type=\"page\">\n\t\t\t\t<div class=\"elementor-element elementor-element-e1ff056 e-flex e-con-boxed e-con e-parent\" data-id=\"e1ff056\" data-element_type=\"container\" data-settings=\"{&quot;background_background&quot;:&quot;gradient&quot;}\">\n\t\t\t\t\t<div class=\"e-con-inner\">\n\t\t<div class=\"elementor-element elementor-element-466fddb e-con-full elementor-hidden-tablet e-flex e-con e-child\" data-id=\"466fddb\" data-element_type=\"container\">\n\t\t\t\t<div class=\"elementor-element elementor-element-60713ac elementor-widget elementor-widget-image\" data-id=\"60713ac\" data-element_type=\"widget\" data-widget_type=\"image.default\">\n\t\t\t\t\t\t\t\t\t\t\t\t\t\t\t<img fetchpriority=\"high\" decoding=\"async\" width=\"800\" height=\"800\" src=\"https:\/\/gila-italia.com\/wp-content\/uploads\/2025\/11\/GILA-bambini.jpg\" class=\"attachment-large size-large wp-image-1265\" alt=\"\" srcset=\"https:\/\/gila-italia.com\/wp-content\/uploads\/2025\/11\/GILA-bambini.jpg 1000w, https:\/\/gila-italia.com\/wp-content\/uploads\/2025\/11\/GILA-bambini-300x300.jpg 300w, https:\/\/gila-italia.com\/wp-content\/uploads\/2025\/11\/GILA-bambini-150x150.jpg 150w, https:\/\/gila-italia.com\/wp-content\/uploads\/2025\/11\/GILA-bambini-768x768.jpg 768w\" sizes=\"(max-width: 800px) 100vw, 800px\" \/>\t\t\t\t\t\t\t\t\t\t\t\t\t\t\t<\/div>\n\t\t\t\t<\/div>\n\t\t<div class=\"elementor-element elementor-element-26de3bc e-con-full e-flex e-con e-child\" data-id=\"26de3bc\" data-element_type=\"container\">\n\t\t<div class=\"elementor-element elementor-element-1babe37 e-con-full e-flex e-con e-child\" data-id=\"1babe37\" data-element_type=\"container\">\n\t\t\t\t<div class=\"elementor-element elementor-element-85958a4 elementor-widget elementor-widget-heading\" data-id=\"85958a4\" data-element_type=\"widget\" data-widget_type=\"heading.default\">\n\t\t\t\t\t<h1 class=\"elementor-heading-title elementor-size-default\">Halbfertige Orthesen f\u00fcr Kinder und Erwachsene<\/h1>\t\t\t\t<\/div>\n\t\t\t\t<div class=\"elementor-element elementor-element-a6cef53 elementor-widget elementor-widget-heading\" data-id=\"a6cef53\" data-element_type=\"widget\" data-widget_type=\"heading.default\">\n\t\t\t\t\t<h2 class=\"elementor-heading-title elementor-size-default\">Vielseitige L\u00f6sungen f\u00fcr jedes Alter - von Gr\u00f6\u00dfe 23 bis 44<\/h1>\n<\/h2>\t\t\t\t<\/div>\n\t\t\t\t<div class=\"elementor-element elementor-element-c51d88c elementor-widget elementor-widget-text-editor\" data-id=\"c51d88c\" data-element_type=\"widget\" data-widget_type=\"text-editor.default\">\n\t\t\t\t\t\t\t\t\t<p>Die Zeilen aus<b> Kind\u00a0<\/b>reichen von Kindergr\u00f6\u00dfen (ab 23) bis zu Erwachsenengr\u00f6\u00dfen (bis 44), um eine kontinuierliche Behandlung in jeder Wachstumsphase zu gew\u00e4hrleisten. Egal ob es sich um ein wachsendes Kind oder einen Erwachsenen handelt, diese Linien erm\u00f6glichen es, immer ma\u00dfgeschneiderte technische Einlagen zur Hand zu haben, die den ganzen K\u00f6rper umschlie\u00dfen.<\/p>\t\t\t\t\t\t\t\t<\/div>\n\t\t\t\t<div class=\"elementor-element elementor-element-6ff7815 elementor-widget elementor-widget-button\" data-id=\"6ff7815\" data-element_type=\"widget\" data-widget_type=\"button.default\">\n\t\t\t\t\t\t\t\t\t\t<a class=\"elementor-button elementor-button-link elementor-size-sm\" href=\"#contatti\">\n\t\t\t\t\t\t<span class=\"elementor-button-content-wrapper\">\n\t\t\t\t\t\t\t\t\t<span class=\"elementor-button-text\">Ein Angebot anfordern<\/span>\n\t\t\t\t\t<\/span>\n\t\t\t\t\t<\/a>\n\t\t\t\t\t\t\t\t<\/div>\n\t\t\t\t<\/div>\n\t\t\t\t<\/div>\n\t\t\t\t\t<\/div>\n\t\t\t\t<\/div>\n\t\t<div class=\"elementor-element elementor-element-fde2f15 e-flex e-con-boxed e-con e-parent\" data-id=\"fde2f15\" data-element_type=\"container\" data-settings=\"{&quot;background_background&quot;:&quot;classic&quot;}\">\n\t\t\t\t\t<div class=\"e-con-inner\">\n\t\t<div class=\"elementor-element elementor-element-bf08c44 e-con-full e-flex e-con e-child\" data-id=\"bf08c44\" data-element_type=\"container\">\n\t\t\t\t<div class=\"elementor-element elementor-element-4f794d5 elementor-widget elementor-widget-heading\" data-id=\"4f794d5\" data-element_type=\"widget\" data-widget_type=\"heading.default\">\n\t\t\t\t\t<h3 class=\"elementor-heading-title elementor-size-default\">Gemeinsame Technologie, spezifische Anpassung<\/h3>\t\t\t\t<\/div>\n\t\t\t\t<div class=\"elementor-element elementor-element-98501d3 elementor-widget elementor-widget-text-editor\" data-id=\"98501d3\" data-element_type=\"widget\" data-widget_type=\"text-editor.default\">\n\t\t\t\t\t\t\t\t\t<p data-start=\"957\" data-end=\"1481\">Wenn man mit sich entwickelnden F\u00fc\u00dfen zu tun hat, ist es wichtig, Materialien zu haben, die <b>ohne Kompromisse anpassen<\/b>. Die Kindersohlen von GILA bestehen aus hochwertigen Materialien, die auf die morphologischen und dynamischen Unterschiede zwischen Kindern und Erwachsenen abgestimmt sind. Insbesondere die <b>Einlegesohlen f\u00fcr Kinder<\/b> sind so optimiert, dass sie eine sanfte, aber wirksame Unterst\u00fctzung bieten und das harmonische Wachstum des Fu\u00dfes f\u00f6rdern. Die gleichen technischen Prinzipien werden in den gr\u00f6\u00dferen Gr\u00f6\u00dfen beibehalten, mit entsprechenden Abmessungen und Proportionen.<\/p>\t\t\t\t\t\t\t\t<\/div>\n\t\t\t\t<div class=\"elementor-element elementor-element-ee205f4 elementor-widget elementor-widget-button\" data-id=\"ee205f4\" data-element_type=\"widget\" data-widget_type=\"button.default\">\n\t\t\t\t\t\t\t\t\t\t<a class=\"elementor-button elementor-button-link elementor-size-sm\" href=\"#contatti\">\n\t\t\t\t\t\t<span class=\"elementor-button-content-wrapper\">\n\t\t\t\t\t\t\t\t\t<span class=\"elementor-button-text\">Kontakt<\/span>\n\t\t\t\t\t<\/span>\n\t\t\t\t\t<\/a>\n\t\t\t\t\t\t\t\t<\/div>\n\t\t\t\t<\/div>\n\t\t<div class=\"elementor-element elementor-element-14ed929 e-con-full e-flex e-con e-child\" data-id=\"14ed929\" data-element_type=\"container\">\n\t\t\t\t<div class=\"elementor-element elementor-element-6ad29c4 elementor-widget elementor-widget-image\" data-id=\"6ad29c4\" data-element_type=\"widget\" data-widget_type=\"image.default\">\n\t\t\t\t\t\t\t\t\t\t\t\t\t\t\t<img decoding=\"async\" width=\"1000\" height=\"1000\" src=\"https:\/\/gila-italia.com\/wp-content\/uploads\/2026\/02\/Escombine-kids.jpg\" class=\"attachment-full size-full wp-image-2093\" alt=\"\" srcset=\"https:\/\/gila-italia.com\/wp-content\/uploads\/2026\/02\/Escombine-kids.jpg 1000w, https:\/\/gila-italia.com\/wp-content\/uploads\/2026\/02\/Escombine-kids-300x300.jpg 300w, https:\/\/gila-italia.com\/wp-content\/uploads\/2026\/02\/Escombine-kids-150x150.jpg 150w, https:\/\/gila-italia.com\/wp-content\/uploads\/2026\/02\/Escombine-kids-768x768.jpg 768w\" sizes=\"(max-width: 1000px) 100vw, 1000px\" \/>\t\t\t\t\t\t\t\t\t\t\t\t\t\t\t<\/div>\n\t\t\t\t<\/div>\n\t\t\t\t\t<\/div>\n\t\t\t\t<\/div>\n\t\t<div class=\"elementor-element elementor-element-46c3aca e-con-full e-flex e-con e-parent\" data-id=\"46c3aca\" data-element_type=\"container\">\n\t\t\t\t<div class=\"elementor-element elementor-element-a3d487f elementor-widget elementor-widget-shortcode\" data-id=\"a3d487f\" data-element_type=\"widget\" data-widget_type=\"shortcode.default\">\n\t\t\t\t\t\t\t<div class=\"elementor-shortcode\">\t\t<div data-elementor-type=\"section\" data-elementor-id=\"824\" class=\"elementor elementor-824\" data-elementor-post-type=\"elementor_library\">\n\t\t\t<div class=\"elementor-element elementor-element-76dee55 e-flex e-con-boxed e-con e-parent\" data-id=\"76dee55\" data-element_type=\"container\" data-settings=\"{&quot;background_background&quot;:&quot;gradient&quot;}\">\n\t\t\t\t\t<div class=\"e-con-inner\">\n\t\t\t\t<div class=\"elementor-element elementor-element-55c3bd3 elementor-widget elementor-widget-heading\" data-id=\"55c3bd3\" data-element_type=\"widget\" data-widget_type=\"heading.default\">\n\t\t\t\t\t<h5 class=\"elementor-heading-title elementor-size-default\">M\u00f6chten Sie die GILA-Kataloge erhalten?<\/h5>\t\t\t\t<\/div>\n\t\t\t\t<div class=\"elementor-element elementor-element-738f3fa elementor-widget elementor-widget-text-editor\" data-id=\"738f3fa\" data-element_type=\"widget\" data-widget_type=\"text-editor.default\">\n\t\t\t\t\t\t\t\t\t<p data-start=\"535\" data-end=\"696\">Zugang zu allen technischen Informationen \u00fcber unsere Produkte.<br \/>F\u00fcllen Sie das Formular aus und <b>Sie werden den Link per E-Mail erhalten<\/b> zum Herunterladen von GILA-Katalogen im PDF-Format.<\/p>\t\t\t\t\t\t\t\t<\/div>\n\t\t\t\t<div class=\"elementor-element elementor-element-5cc215f elementor-widget elementor-widget-button\" data-id=\"5cc215f\" data-element_type=\"widget\" data-widget_type=\"button.default\">\n\t\t\t\t\t\t\t\t\t\t<a class=\"elementor-button elementor-button-link elementor-size-sm\" href=\"https:\/\/gila-italia.com\/de\/form-cataloghi\/\" target=\"_blank\">\n\t\t\t\t\t\t<span class=\"elementor-button-content-wrapper\">\n\t\t\t\t\t\t\t\t\t<span class=\"elementor-button-text\">Klicken Sie hier<\/span>\n\t\t\t\t\t<\/span>\n\t\t\t\t\t<\/a>\n\t\t\t\t\t\t\t\t<\/div>\n\t\t\t\t\t<\/div>\n\t\t\t\t<\/div>\n\t\t\t\t<\/div>\n\t\t<\/div>\n\t\t\t\t\t\t<\/div>\n\t\t\t\t<\/div>\n\t\t<div class=\"elementor-element elementor-element-2f36f1a e-flex e-con-boxed e-con e-parent\" data-id=\"2f36f1a\" data-element_type=\"container\" data-settings=\"{&quot;background_background&quot;:&quot;classic&quot;}\">\n\t\t\t\t\t<div class=\"e-con-inner\">\n\t\t<div class=\"elementor-element elementor-element-7170a68 e-con-full e-flex e-con e-child\" data-id=\"7170a68\" data-element_type=\"container\">\n\t\t\t\t<div class=\"elementor-element elementor-element-4f81858 elementor-widget elementor-widget-image\" data-id=\"4f81858\" data-element_type=\"widget\" data-widget_type=\"image.default\">\n\t\t\t\t\t\t\t\t\t\t\t\t\t\t\t<img decoding=\"async\" width=\"1200\" height=\"800\" src=\"https:\/\/gila-italia.com\/wp-content\/uploads\/2026\/04\/PFD-gila-bio-senso.jpg\" class=\"attachment-full size-full wp-image-2318\" alt=\"\" srcset=\"https:\/\/gila-italia.com\/wp-content\/uploads\/2026\/04\/PFD-gila-bio-senso.jpg 1200w, https:\/\/gila-italia.com\/wp-content\/uploads\/2026\/04\/PFD-gila-bio-senso-300x200.jpg 300w, https:\/\/gila-italia.com\/wp-content\/uploads\/2026\/04\/PFD-gila-bio-senso-1024x683.jpg 1024w, https:\/\/gila-italia.com\/wp-content\/uploads\/2026\/04\/PFD-gila-bio-senso-768x512.jpg 768w, https:\/\/gila-italia.com\/wp-content\/uploads\/2026\/04\/PFD-gila-bio-senso-18x12.jpg 18w\" sizes=\"(max-width: 1200px) 100vw, 1200px\" \/>\t\t\t\t\t\t\t\t\t\t\t\t\t\t\t<\/div>\n\t\t\t\t<\/div>\n\t\t<div class=\"elementor-element elementor-element-e8f0d3a e-con-full e-flex e-con e-child\" data-id=\"e8f0d3a\" data-element_type=\"container\">\n\t\t\t\t<div class=\"elementor-element elementor-element-cb1f341 elementor-widget elementor-widget-heading\" data-id=\"cb1f341\" data-element_type=\"widget\" data-widget_type=\"heading.default\">\n\t\t\t\t\t<h2 class=\"elementor-heading-title elementor-size-default\">Warum einheitliche Linien f\u00fcr Kinder und Erwachsene verwenden?<\/h2>\t\t\t\t<\/div>\n\t\t\t\t<div class=\"elementor-element elementor-element-fc82fbb elementor-widget elementor-widget-text-editor\" data-id=\"fc82fbb\" data-element_type=\"widget\" data-widget_type=\"text-editor.default\">\n\t\t\t\t\t\t\t\t\t<p data-start=\"920\" data-end=\"1578\">Das Angebot von Einlegesohlen in einem kompletten Sortiment erm\u00f6glicht es dem Techniker <b>den Patienten w\u00e4hrend des gesamten Entwicklungsprozesses begleiten<\/b>, Vermeidung von Materialspr\u00fcngen oder strukturellen Inkompatibilit\u00e4ten. <b>Von Gr\u00f6\u00dfe 23 bis 44, <\/b>Jede Basis ist so konzipiert, dass die biomechanischen Eigenschaften des Originalmodells erhalten bleiben, so dass zwischen den einzelnen Phasen keine drastischen Anpassungen erforderlich sind. Dieser Ansatz erleichtert auch die Lagerverwaltung, vereinfacht die Auswahl f\u00fcr den Techniker und vermeidet Unterbrechungen in der Behandlung.<\/p>\t\t\t\t\t\t\t\t<\/div>\n\t\t\t\t<div class=\"elementor-element elementor-element-027bfee elementor-widget elementor-widget-button\" data-id=\"027bfee\" data-element_type=\"widget\" data-widget_type=\"button.default\">\n\t\t\t\t\t\t\t\t\t\t<a class=\"elementor-button elementor-button-link elementor-size-sm\" href=\"#contatti\">\n\t\t\t\t\t\t<span class=\"elementor-button-content-wrapper\">\n\t\t\t\t\t\t\t\t\t<span class=\"elementor-button-text\">Kontaktieren Sie uns<\/span>\n\t\t\t\t\t<\/span>\n\t\t\t\t\t<\/a>\n\t\t\t\t\t\t\t\t<\/div>\n\t\t\t\t<\/div>\n\t\t\t\t\t<\/div>\n\t\t\t\t<\/div>\n\t\t<div class=\"elementor-element elementor-element-aedbddc e-flex e-con-boxed e-con e-parent\" data-id=\"aedbddc\" data-element_type=\"container\" data-settings=\"{&quot;background_background&quot;:&quot;gradient&quot;}\">\n\t\t\t\t\t<div class=\"e-con-inner\">\n\t\t<div class=\"elementor-element elementor-element-4d306b6 e-con-full e-flex e-con e-child\" data-id=\"4d306b6\" data-element_type=\"container\" data-settings=\"{&quot;background_background&quot;:&quot;classic&quot;}\">\n\t\t\t\t<div class=\"elementor-element elementor-element-f31aecb elementor-widget elementor-widget-heading\" data-id=\"f31aecb\" data-element_type=\"widget\" data-widget_type=\"heading.default\">\n\t\t\t\t\t<h4 class=\"elementor-heading-title elementor-size-default\">Einzigartiger Arbeitsablauf<\/h4>\t\t\t\t<\/div>\n\t\t\t\t<div class=\"elementor-element elementor-element-ab28cfe elementor-widget elementor-widget-text-editor\" data-id=\"ab28cfe\" data-element_type=\"widget\" data-widget_type=\"text-editor.default\">\n\t\t\t\t\t\t\t\t\t<p data-start=\"218\" data-end=\"334\">vereinfacht die Produktion und gew\u00e4hrleistet die Kontinuit\u00e4t der Behandlung.<\/p>\t\t\t\t\t\t\t\t<\/div>\n\t\t\t\t<\/div>\n\t\t<div class=\"elementor-element elementor-element-0749508 e-con-full e-flex e-con e-child\" data-id=\"0749508\" data-element_type=\"container\" data-settings=\"{&quot;background_background&quot;:&quot;classic&quot;}\">\n\t\t\t\t<div class=\"elementor-element elementor-element-9b9470b elementor-widget elementor-widget-heading\" data-id=\"9b9470b\" data-element_type=\"widget\" data-widget_type=\"heading.default\">\n\t\t\t\t\t<h4 class=\"elementor-heading-title elementor-size-default\">Verk\u00fcrzung der Bearbeitungszeiten<\/h4>\t\t\t\t<\/div>\n\t\t\t\t<div class=\"elementor-element elementor-element-6353ddf elementor-widget elementor-widget-text-editor\" data-id=\"6353ddf\" data-element_type=\"widget\" data-widget_type=\"text-editor.default\">\n\t\t\t\t\t\t\t\t\t<p data-start=\"345\" data-end=\"476\">dank der bereits f\u00fcr die Anpassung an die Fu\u00dfmorphologie optimierten F\u00fc\u00dfe.<\/p>\t\t\t\t\t\t\t\t<\/div>\n\t\t\t\t<\/div>\n\t\t<div class=\"elementor-element elementor-element-e5a7f34 e-con-full e-flex e-con e-child\" data-id=\"e5a7f34\" data-element_type=\"container\" data-settings=\"{&quot;background_background&quot;:&quot;classic&quot;}\">\n\t\t\t\t<div class=\"elementor-element elementor-element-d1eb514 elementor-widget elementor-widget-heading\" data-id=\"d1eb514\" data-element_type=\"widget\" data-widget_type=\"heading.default\">\n\t\t\t\t\t<h4 class=\"elementor-heading-title elementor-size-default\">Genauigkeit und Konsistenz<\/h4>\t\t\t\t<\/div>\n\t\t\t\t<div class=\"elementor-element elementor-element-8512516 elementor-widget elementor-widget-text-editor\" data-id=\"8512516\" data-element_type=\"widget\" data-widget_type=\"text-editor.default\">\n\t\t\t\t\t\t\t\t\t<p data-start=\"478\" data-end=\"606\">mit denselben Merkmalen \u00fcber den gesamten Gr\u00f6\u00dfenbereich hinweg.<\/p>\t\t\t\t\t\t\t\t<\/div>\n\t\t\t\t<\/div>\n\t\t<div class=\"elementor-element elementor-element-56cc4fb e-con-full e-flex e-con e-child\" data-id=\"56cc4fb\" data-element_type=\"container\" data-settings=\"{&quot;background_background&quot;:&quot;classic&quot;}\">\n\t\t\t\t<div class=\"elementor-element elementor-element-335a64f elementor-widget elementor-widget-heading\" data-id=\"335a64f\" data-element_type=\"widget\" data-widget_type=\"heading.default\">\n\t\t\t\t\t<h4 class=\"elementor-heading-title elementor-size-default\">Effiziente Lagerverwaltung<\/h4>\t\t\t\t<\/div>\n\t\t\t\t<div class=\"elementor-element elementor-element-68d55e1 elementor-widget elementor-widget-text-editor\" data-id=\"68d55e1\" data-element_type=\"widget\" data-widget_type=\"text-editor.default\">\n\t\t\t\t\t\t\t\t\t<p data-start=\"608\" data-end=\"746\">mit einem kompletten Sortiment f\u00fcr alle Gr\u00f6\u00dfen.<\/p>\t\t\t\t\t\t\t\t<\/div>\n\t\t\t\t<\/div>\n\t\t\t\t\t<\/div>\n\t\t\t\t<\/div>\n\t\t<div class=\"elementor-element elementor-element-a7e7fff e-flex e-con-boxed e-con e-parent\" data-id=\"a7e7fff\" data-element_type=\"container\" data-settings=\"{&quot;background_background&quot;:&quot;classic&quot;}\">\n\t\t\t\t\t<div class=\"e-con-inner\">\n\t\t\t\t<div class=\"elementor-element elementor-element-171e61f elementor-widget elementor-widget-heading\" data-id=\"171e61f\" data-element_type=\"widget\" data-widget_type=\"heading.default\">\n\t\t\t\t\t<h2 class=\"elementor-heading-title elementor-size-default\">Vorteile f\u00fcr den Orthop\u00e4dietechniker<\/h2>\t\t\t\t<\/div>\n\t\t\t\t<div class=\"elementor-element elementor-element-99a9865 elementor-widget elementor-widget-text-editor\" data-id=\"99a9865\" data-element_type=\"widget\" data-widget_type=\"text-editor.default\">\n\t\t\t\t\t\t\t\t\t<p data-start=\"2645\" data-end=\"3013\">Bei der Produktreihe f\u00fcr Kinder und Erwachsene profitiert der Techniker von einer einzigartigen Fertigungsphilosophie, die f\u00fcr den gesamten Gr\u00f6\u00dfenbereich gilt. Die Basen sind bereits so konzipiert, dass sie <b>angepasst<\/b>Es besteht keine Notwendigkeit, die Logik zu \u00e4ndern, wenn man von einem 25-Fu\u00df- zu einem 42-Fu\u00df-Ger\u00e4t wechselt. Dies bedeutet, dass <b>Zeitersparnis, geringerer Spielraum f\u00fcr Fehler und Konsistenz des Endprodukts<\/b> des Ger\u00e4ts. Diejenigen, die mit Patienten aller Altersgruppen arbeiten, k\u00f6nnen einen bew\u00e4hrten Arbeitsablauf mit Sicherheit in jeder Gr\u00f6\u00dfe verwalten.<\/p>\t\t\t\t\t\t\t\t<\/div>\n\t\t\t\t\t<\/div>\n\t\t\t\t<\/div>\n\t\t\t\t<\/div>","protected":false},"excerpt":{"rendered":"<p>Plantari semilavorati per bambini e adulti Soluzioni versatili per tutte le et\u00e0 &#8211; dalla misura 23 alla 44 Le linee da bambino\u00a0si estendono dalle taglie pediatriche (a partire dal 23) fino alle misure adulte (fino al 44), per offrire continuit\u00e0 di trattamento in ogni fase della crescita. Che si tratti di un bimbo in crescita [&hellip;]<\/p>\n","protected":false},"author":2,"featured_media":0,"parent":0,"menu_order":0,"comment_status":"closed","ping_status":"closed","template":"","meta":{"_acf_changed":false,"footnotes":""},"class_list":["post-995","page","type-page","status-publish","hentry"],"acf":[],"yoast_head":"<!-- This site is optimized with the Yoast SEO plugin v27.2 - https:\/\/yoast.com\/product\/yoast-seo-wordpress\/ -->\n<title>Plantari per bambini - Gila - Forniture per ortopedia tecnica<\/title>\n<meta name=\"robots\" content=\"index, follow, max-snippet:-1, max-image-preview:large, max-video-preview:-1\" \/>\n<link rel=\"canonical\" href=\"https:\/\/gila-italia.com\/de\/kinder\/\" \/>\n<meta property=\"og:locale\" content=\"de_DE\" \/>\n<meta property=\"og:type\" content=\"article\" \/>\n<meta property=\"og:title\" content=\"Plantari per bambini - Gila - Forniture per ortopedia tecnica\" \/>\n<meta property=\"og:description\" content=\"Plantari semilavorati per bambini e adulti Soluzioni versatili per tutte le et\u00e0 &#8211; dalla misura 23 alla 44 Le linee da bambino\u00a0si estendono dalle taglie pediatriche (a partire dal 23) fino alle misure adulte (fino al 44), per offrire continuit\u00e0 di trattamento in ogni fase della crescita. Che si tratti di un bimbo in crescita [&hellip;]\" \/>\n<meta property=\"og:url\" content=\"https:\/\/gila-italia.com\/de\/kinder\/\" \/>\n<meta property=\"og:site_name\" content=\"Gila\" \/>\n<meta property=\"article:modified_time\" content=\"2026-04-08T09:34:55+00:00\" \/>\n<meta property=\"og:image\" content=\"https:\/\/gila-italia.com\/wp-content\/uploads\/2025\/11\/GILA-bambini.jpg\" \/>\n\t<meta property=\"og:image:width\" content=\"1000\" \/>\n\t<meta property=\"og:image:height\" content=\"1000\" \/>\n\t<meta property=\"og:image:type\" content=\"image\/jpeg\" \/>\n<meta name=\"twitter:card\" content=\"summary_large_image\" \/>\n<meta name=\"twitter:label1\" content=\"Gesch\u00e4tzte Lesezeit\" \/>\n\t<meta name=\"twitter:data1\" content=\"3\u00a0Minuten\" \/>\n<script type=\"application\/ld+json\" class=\"yoast-schema-graph\">{\"@context\":\"https:\/\/schema.org\",\"@graph\":[{\"@type\":\"WebPage\",\"@id\":\"https:\/\/gila-italia.com\/bambini\/\",\"url\":\"https:\/\/gila-italia.com\/bambini\/\",\"name\":\"Plantari per bambini - Gila - Forniture per ortopedia tecnica\",\"isPartOf\":{\"@id\":\"https:\/\/gila-italia.com\/#website\"},\"primaryImageOfPage\":{\"@id\":\"https:\/\/gila-italia.com\/bambini\/#primaryimage\"},\"image\":{\"@id\":\"https:\/\/gila-italia.com\/bambini\/#primaryimage\"},\"thumbnailUrl\":\"https:\/\/gila-italia.com\/wp-content\/uploads\/2025\/11\/GILA-bambini.jpg\",\"datePublished\":\"2025-10-17T15:11:16+00:00\",\"dateModified\":\"2026-04-08T09:34:55+00:00\",\"breadcrumb\":{\"@id\":\"https:\/\/gila-italia.com\/bambini\/#breadcrumb\"},\"inLanguage\":\"de\",\"potentialAction\":[{\"@type\":\"ReadAction\",\"target\":[\"https:\/\/gila-italia.com\/bambini\/\"]}]},{\"@type\":\"ImageObject\",\"inLanguage\":\"de\",\"@id\":\"https:\/\/gila-italia.com\/bambini\/#primaryimage\",\"url\":\"https:\/\/gila-italia.com\/wp-content\/uploads\/2025\/11\/GILA-bambini.jpg\",\"contentUrl\":\"https:\/\/gila-italia.com\/wp-content\/uploads\/2025\/11\/GILA-bambini.jpg\"},{\"@type\":\"BreadcrumbList\",\"@id\":\"https:\/\/gila-italia.com\/bambini\/#breadcrumb\",\"itemListElement\":[{\"@type\":\"ListItem\",\"position\":1,\"name\":\"Home\",\"item\":\"https:\/\/gila-italia.com\/\"},{\"@type\":\"ListItem\",\"position\":2,\"name\":\"Bambini\"}]},{\"@type\":\"WebSite\",\"@id\":\"https:\/\/gila-italia.com\/#website\",\"url\":\"https:\/\/gila-italia.com\/\",\"name\":\"Gila\",\"description\":\"\",\"potentialAction\":[{\"@type\":\"SearchAction\",\"target\":{\"@type\":\"EntryPoint\",\"urlTemplate\":\"https:\/\/gila-italia.com\/?s={search_term_string}\"},\"query-input\":{\"@type\":\"PropertyValueSpecification\",\"valueRequired\":true,\"valueName\":\"search_term_string\"}}],\"inLanguage\":\"de\"}]}<\/script>\n<!-- \/ Yoast SEO plugin. -->","yoast_head_json":{"title":"Einlagen f\u00fcr Kinder - Gila - Technischer orthop\u00e4discher Bedarf","robots":{"index":"index","follow":"follow","max-snippet":"max-snippet:-1","max-image-preview":"max-image-preview:large","max-video-preview":"max-video-preview:-1"},"canonical":"https:\/\/gila-italia.com\/de\/kinder\/","og_locale":"de_DE","og_type":"article","og_title":"Plantari per bambini - Gila - Forniture per ortopedia tecnica","og_description":"Plantari semilavorati per bambini e adulti Soluzioni versatili per tutte le et\u00e0 &#8211; dalla misura 23 alla 44 Le linee da bambino\u00a0si estendono dalle taglie pediatriche (a partire dal 23) fino alle misure adulte (fino al 44), per offrire continuit\u00e0 di trattamento in ogni fase della crescita. Che si tratti di un bimbo in crescita [&hellip;]","og_url":"https:\/\/gila-italia.com\/de\/kinder\/","og_site_name":"Gila","article_modified_time":"2026-04-08T09:34:55+00:00","og_image":[{"width":1000,"height":1000,"url":"https:\/\/gila-italia.com\/wp-content\/uploads\/2025\/11\/GILA-bambini.jpg","type":"image\/jpeg"}],"twitter_card":"summary_large_image","twitter_misc":{"Gesch\u00e4tzte Lesezeit":"3\u00a0Minuten"},"schema":{"@context":"https:\/\/schema.org","@graph":[{"@type":"WebPage","@id":"https:\/\/gila-italia.com\/bambini\/","url":"https:\/\/gila-italia.com\/bambini\/","name":"Einlagen f\u00fcr Kinder - Gila - Technischer orthop\u00e4discher Bedarf","isPartOf":{"@id":"https:\/\/gila-italia.com\/#website"},"primaryImageOfPage":{"@id":"https:\/\/gila-italia.com\/bambini\/#primaryimage"},"image":{"@id":"https:\/\/gila-italia.com\/bambini\/#primaryimage"},"thumbnailUrl":"https:\/\/gila-italia.com\/wp-content\/uploads\/2025\/11\/GILA-bambini.jpg","datePublished":"2025-10-17T15:11:16+00:00","dateModified":"2026-04-08T09:34:55+00:00","breadcrumb":{"@id":"https:\/\/gila-italia.com\/bambini\/#breadcrumb"},"inLanguage":"de","potentialAction":[{"@type":"ReadAction","target":["https:\/\/gila-italia.com\/bambini\/"]}]},{"@type":"ImageObject","inLanguage":"de","@id":"https:\/\/gila-italia.com\/bambini\/#primaryimage","url":"https:\/\/gila-italia.com\/wp-content\/uploads\/2025\/11\/GILA-bambini.jpg","contentUrl":"https:\/\/gila-italia.com\/wp-content\/uploads\/2025\/11\/GILA-bambini.jpg"},{"@type":"BreadcrumbList","@id":"https:\/\/gila-italia.com\/bambini\/#breadcrumb","itemListElement":[{"@type":"ListItem","position":1,"name":"Home","item":"https:\/\/gila-italia.com\/"},{"@type":"ListItem","position":2,"name":"Bambini"}]},{"@type":"WebSite","@id":"https:\/\/gila-italia.com\/#website","url":"https:\/\/gila-italia.com\/","name":"Gila","description":"","potentialAction":[{"@type":"SearchAction","target":{"@type":"EntryPoint","urlTemplate":"https:\/\/gila-italia.com\/?s={search_term_string}"},"query-input":{"@type":"PropertyValueSpecification","valueRequired":true,"valueName":"search_term_string"}}],"inLanguage":"de"}]}},"_links":{"self":[{"href":"https:\/\/gila-italia.com\/de\/wp-json\/wp\/v2\/pages\/995","targetHints":{"allow":["GET"]}}],"collection":[{"href":"https:\/\/gila-italia.com\/de\/wp-json\/wp\/v2\/pages"}],"about":[{"href":"https:\/\/gila-italia.com\/de\/wp-json\/wp\/v2\/types\/page"}],"author":[{"embeddable":true,"href":"https:\/\/gila-italia.com\/de\/wp-json\/wp\/v2\/users\/2"}],"replies":[{"embeddable":true,"href":"https:\/\/gila-italia.com\/de\/wp-json\/wp\/v2\/comments?post=995"}],"version-history":[{"count":31,"href":"https:\/\/gila-italia.com\/de\/wp-json\/wp\/v2\/pages\/995\/revisions"}],"predecessor-version":[{"id":2324,"href":"https:\/\/gila-italia.com\/de\/wp-json\/wp\/v2\/pages\/995\/revisions\/2324"}],"wp:attachment":[{"href":"https:\/\/gila-italia.com\/de\/wp-json\/wp\/v2\/media?parent=995"}],"curies":[{"name":"wp","href":"https:\/\/api.w.org\/{rel}","templated":true}]}}